{"id":140,"date":"2024-06-05T15:10:46","date_gmt":"2024-06-05T13:10:46","guid":{"rendered":"https:\/\/le-clos-andre.com\/?page_id=140"},"modified":"2025-09-16T14:13:54","modified_gmt":"2025-09-16T12:13:54","slug":"le-clos-andre","status":"publish","type":"page","link":"https:\/\/le-clos-andre.com\/en\/le-clos-andre\/","title":{"rendered":"Le Clos Andr\u00e9"},"content":{"rendered":"<div data-elementor-type=\"wp-page\" data-elementor-id=\"140\" class=\"elementor elementor-140\">\n\t\t\t\t<div class=\"elementor-element elementor-element-2f64ada e-flex e-con-boxed e-con e-parent\" data-id=\"2f64ada\" data-element_type=\"container\" data-e-type=\"container\">\n\t\t\t\t\t<div class=\"e-con-inner\">\n\t\t<div class=\"elementor-element elementor-element-e195496 e-con-full e-flex e-con e-child\" data-id=\"e195496\" data-element_type=\"container\" data-e-type=\"container\">\n\t\t\t\t<div class=\"elementor-element elementor-element-0e042dc elementor-widget elementor-widget-image\" data-id=\"0e042dc\" data-element_type=\"widget\" data-e-type=\"widget\" data-widget_type=\"image.default\">\n\t\t\t\t<div class=\"elementor-widget-container\">\n\t\t\t\t\t\t\t\t\t\t\t\t\t\t\t<img fetchpriority=\"high\" decoding=\"async\" width=\"1024\" height=\"768\" src=\"https:\/\/le-clos-andre.com\/wp-content\/uploads\/2024\/07\/jardin_07-1024x768.jpg\" class=\"attachment-large size-large wp-image-313\" alt=\"\" srcset=\"https:\/\/le-clos-andre.com\/wp-content\/uploads\/2024\/07\/jardin_07-1024x768.jpg 1024w, https:\/\/le-clos-andre.com\/wp-content\/uploads\/2024\/07\/jardin_07-300x225.jpg 300w, https:\/\/le-clos-andre.com\/wp-content\/uploads\/2024\/07\/jardin_07-768x576.jpg 768w, https:\/\/le-clos-andre.com\/wp-content\/uploads\/2024\/07\/jardin_07-1536x1152.jpg 1536w, https:\/\/le-clos-andre.com\/wp-content\/uploads\/2024\/07\/jardin_07.jpg 1600w\" sizes=\"(max-width: 1024px) 100vw, 1024px\" \/>\t\t\t\t\t\t\t\t\t\t\t\t\t\t\t<\/div>\n\t\t\t\t<\/div>\n\t\t\t\t<\/div>\n\t\t<div class=\"elementor-element elementor-element-00a3919 e-con-full e-flex e-con e-child\" data-id=\"00a3919\" data-element_type=\"container\" data-e-type=\"container\">\n\t\t\t\t<div class=\"elementor-element elementor-element-5b2ecdb elementor-widget elementor-widget-heading\" data-id=\"5b2ecdb\" data-element_type=\"widget\" data-e-type=\"widget\" data-widget_type=\"heading.default\">\n\t\t\t\t<div class=\"elementor-widget-container\">\n\t\t\t\t\t<h2 class=\"elementor-heading-title elementor-size-default\">Un g\u00eete en grand<\/h2>\t\t\t\t<\/div>\n\t\t\t\t<\/div>\n\t\t\t\t<div class=\"elementor-element elementor-element-7f7389e elementor-icon-list--layout-traditional elementor-list-item-link-full_width elementor-widget elementor-widget-icon-list\" data-id=\"7f7389e\" data-element_type=\"widget\" data-e-type=\"widget\" data-widget_type=\"icon-list.default\">\n\t\t\t\t<div class=\"elementor-widget-container\">\n\t\t\t\t\t\t\t<ul class=\"elementor-icon-list-items\">\n\t\t\t\t\t\t\t<li class=\"elementor-icon-list-item\">\n\t\t\t\t\t\t\t\t\t\t\t<span class=\"elementor-icon-list-icon\">\n\t\t\t\t\t\t\t<svg aria-hidden=\"true\" class=\"e-font-icon-svg e-fas-male\" viewbox=\"0 0 192 512\" xmlns=\"http:\/\/www.w3.org\/2000\/svg\"><path d=\"M96 0c35.346 0 64 28.654 64 64s-28.654 64-64 64-64-28.654-64-64S60.654 0 96 0m48 144h-11.36c-22.711 10.443-49.59 10.894-73.28 0H48c-26.51 0-48 21.49-48 48v136c0 13.255 10.745 24 24 24h16v136c0 13.255 10.745 24 24 24h64c13.255 0 24-10.745 24-24V352h16c13.255 0 24-10.745 24-24V192c0-26.51-21.49-48-48-48z\"><\/path><\/svg>\t\t\t\t\t\t<\/span>\n\t\t\t\t\t\t\t\t\t\t<span class=\"elementor-icon-list-text\">H\u00e9bergement pour 10 personnes<\/span>\n\t\t\t\t\t\t\t\t\t<\/li>\n\t\t\t\t\t\t\t\t<li class=\"elementor-icon-list-item\">\n\t\t\t\t\t\t\t\t\t\t\t<span class=\"elementor-icon-list-icon\">\n\t\t\t\t\t\t\t<svg aria-hidden=\"true\" class=\"e-font-icon-svg e-fas-bed\" viewbox=\"0 0 640 512\" xmlns=\"http:\/\/www.w3.org\/2000\/svg\"><path d=\"M176 256c44.11 0 80-35.89 80-80s-35.89-80-80-80-80 35.89-80 80 35.89 80 80 80zm352-128H304c-8.84 0-16 7.16-16 16v144H64V80c0-8.84-7.16-16-16-16H16C7.16 64 0 71.16 0 80v352c0 8.84 7.16 16 16 16h32c8.84 0 16-7.16 16-16v-48h512v48c0 8.84 7.16 16 16 16h32c8.84 0 16-7.16 16-16V240c0-61.86-50.14-112-112-112z\"><\/path><\/svg>\t\t\t\t\t\t<\/span>\n\t\t\t\t\t\t\t\t\t\t<span class=\"elementor-icon-list-text\">Linge de lit et de toilette fournis<\/span>\n\t\t\t\t\t\t\t\t\t<\/li>\n\t\t\t\t\t\t\t\t<li class=\"elementor-icon-list-item\">\n\t\t\t\t\t\t\t\t\t\t\t<span class=\"elementor-icon-list-icon\">\n\t\t\t\t\t\t\t<svg aria-hidden=\"true\" class=\"e-font-icon-svg e-fas-house-user\" viewbox=\"0 0 576 512\" xmlns=\"http:\/\/www.w3.org\/2000\/svg\"><path d=\"M570.69,236.27,512,184.44V48a16,16,0,0,0-16-16H432a16,16,0,0,0-16,16V99.67L314.78,10.3C308.5,4.61,296.53,0,288,0s-20.46,4.61-26.74,10.3l-256,226A18.27,18.27,0,0,0,0,248.2a18.64,18.64,0,0,0,4.09,10.71L25.5,282.7a21.14,21.14,0,0,0,12,5.3,21.67,21.67,0,0,0,10.69-4.11l15.9-14V480a32,32,0,0,0,32,32H480a32,32,0,0,0,32-32V269.88l15.91,14A21.94,21.94,0,0,0,538.63,288a20.89,20.89,0,0,0,11.87-5.31l21.41-23.81A21.64,21.64,0,0,0,576,248.19,21,21,0,0,0,570.69,236.27ZM288,176a64,64,0,1,1-64,64A64,64,0,0,1,288,176ZM400,448H176a16,16,0,0,1-16-16,96,96,0,0,1,96-96h64a96,96,0,0,1,96,96A16,16,0,0,1,400,448Z\"><\/path><\/svg>\t\t\t\t\t\t<\/span>\n\t\t\t\t\t\t\t\t\t\t<span class=\"elementor-icon-list-text\">Fullhouse<\/span>\n\t\t\t\t\t\t\t\t\t<\/li>\n\t\t\t\t\t\t<\/ul>\n\t\t\t\t\t\t<\/div>\n\t\t\t\t<\/div>\n\t\t\t\t<div class=\"elementor-element elementor-element-099deed elementor-widget elementor-widget-text-editor\" data-id=\"099deed\" data-element_type=\"widget\" data-e-type=\"widget\" data-widget_type=\"text-editor.default\">\n\t\t\t\t<div class=\"elementor-widget-container\">\n\t\t\t\t\t\t\t\t\t<p>L&rsquo;ensemble de la maison est \u00e0 votre disposition. Un grand jardin vous attend pour profiter des beaux jours.<\/p>\t\t\t\t\t\t\t\t<\/div>\n\t\t\t\t<\/div>\n\t\t\t\t<\/div>\n\t\t\t\t\t<\/div>\n\t\t\t\t<\/div>\n\t\t<div class=\"elementor-element elementor-element-d6217b8 e-flex e-con-boxed e-con e-parent\" data-id=\"d6217b8\" data-element_type=\"container\" data-e-type=\"container\">\n\t\t\t\t\t<div class=\"e-con-inner\">\n\t\t\t\t<div class=\"elementor-element elementor-element-3da7733 elementor-widget elementor-widget-heading\" data-id=\"3da7733\" data-element_type=\"widget\" data-e-type=\"widget\" data-widget_type=\"heading.default\">\n\t\t\t\t<div class=\"elementor-widget-container\">\n\t\t\t\t\t<h2 class=\"elementor-heading-title elementor-size-default\">R\u00e9servez votre h\u00e9bergement<\/h2>\t\t\t\t<\/div>\n\t\t\t\t<\/div>\n\t\t\t\t\t<\/div>\n\t\t\t\t<\/div>\n\t\t<div class=\"elementor-element elementor-element-ea2aa19 e-flex e-con-boxed e-con e-parent\" data-id=\"ea2aa19\" data-element_type=\"container\" data-e-type=\"container\">\n\t\t\t\t\t<div class=\"e-con-inner\">\n\t\t\t\t<div class=\"elementor-element elementor-element-006f96e elementor-widget elementor-widget-shortcode\" data-id=\"006f96e\" data-element_type=\"widget\" data-e-type=\"widget\" data-widget_type=\"shortcode.default\">\n\t\t\t\t<div class=\"elementor-widget-container\">\n\t\t\t\t\t\t\t<div class=\"elementor-shortcode\">  <\/div>\n\t\t\t\t\t\t<\/div>\n\t\t\t\t<\/div>\n\t\t\t\t\t<\/div>\n\t\t\t\t<\/div>\n\t\t\t\t<\/div>","protected":false},"excerpt":{"rendered":"<p>Un g\u00eete en grand H\u00e9bergement pour 10 personnes Linge de lit et de toilette fournis Fullhouse L&rsquo;ensemble de la maison est \u00e0 votre disposition. Un grand jardin vous attend pour profiter des beaux jours. R\u00e9servez votre h\u00e9bergement<\/p>","protected":false},"author":1,"featured_media":0,"parent":0,"menu_order":0,"comment_status":"closed","ping_status":"closed","template":"","meta":{"footnotes":""},"class_list":["post-140","page","type-page","status-publish","hentry"],"yoast_head":"<!-- This site is optimized with the Yoast SEO plugin v27.4 - https:\/\/yoast.com\/product\/yoast-seo-wordpress\/ -->\n<title>Le Clos Andr\u00e9 - Le Clos Andr\u00e9<\/title>\n<meta name=\"description\" content=\"En r\u00e9servant le Grand G\u00eete, vous aurez acc\u00e8s \u00e0 toute la maison et \u00e0 tout le jardin. Ainsi, 10 personnes peuvent y s\u00e9journer.\" \/>\n<meta name=\"robots\" content=\"index, follow, max-snippet:-1, max-image-preview:large, max-video-preview:-1\" \/>\n<link rel=\"canonical\" href=\"https:\/\/le-clos-andre.com\/en\/le-clos-andre\/\" \/>\n<meta property=\"og:locale\" content=\"en_GB\" \/>\n<meta property=\"og:type\" content=\"article\" \/>\n<meta property=\"og:title\" content=\"Le Clos Andr\u00e9 - Le Clos Andr\u00e9\" \/>\n<meta property=\"og:description\" content=\"En r\u00e9servant le Grand G\u00eete, vous aurez acc\u00e8s \u00e0 toute la maison et \u00e0 tout le jardin. Ainsi, 10 personnes peuvent y s\u00e9journer.\" \/>\n<meta property=\"og:url\" content=\"https:\/\/le-clos-andre.com\/en\/le-clos-andre\/\" \/>\n<meta property=\"og:site_name\" content=\"Le Clos Andr\u00e9\" \/>\n<meta property=\"article:modified_time\" content=\"2025-09-16T12:13:54+00:00\" \/>\n<meta property=\"og:image\" content=\"http:\/\/le-clos-andre.com\/wp-content\/uploads\/2024\/07\/jardin_07-1024x768.jpg\" \/>\n<meta name=\"twitter:card\" content=\"summary_large_image\" \/>\n<meta name=\"twitter:label1\" content=\"Estimated reading time\" \/>\n\t<meta name=\"twitter:data1\" content=\"1 minute\" \/>\n<script type=\"application\/ld+json\" class=\"yoast-schema-graph\">{\"@context\":\"https:\\\/\\\/schema.org\",\"@graph\":[{\"@type\":\"WebPage\",\"@id\":\"https:\\\/\\\/le-clos-andre.com\\\/le-clos-andre\\\/\",\"url\":\"https:\\\/\\\/le-clos-andre.com\\\/le-clos-andre\\\/\",\"name\":\"Le Clos Andr\u00e9 - Le Clos Andr\u00e9\",\"isPartOf\":{\"@id\":\"https:\\\/\\\/le-clos-andre.com\\\/#website\"},\"primaryImageOfPage\":{\"@id\":\"https:\\\/\\\/le-clos-andre.com\\\/le-clos-andre\\\/#primaryimage\"},\"image\":{\"@id\":\"https:\\\/\\\/le-clos-andre.com\\\/le-clos-andre\\\/#primaryimage\"},\"thumbnailUrl\":\"http:\\\/\\\/le-clos-andre.com\\\/wp-content\\\/uploads\\\/2024\\\/07\\\/jardin_07-1024x768.jpg\",\"datePublished\":\"2024-06-05T13:10:46+00:00\",\"dateModified\":\"2025-09-16T12:13:54+00:00\",\"description\":\"En r\u00e9servant le Grand G\u00eete, vous aurez acc\u00e8s \u00e0 toute la maison et \u00e0 tout le jardin. Ainsi, 10 personnes peuvent y s\u00e9journer.\",\"breadcrumb\":{\"@id\":\"https:\\\/\\\/le-clos-andre.com\\\/le-clos-andre\\\/#breadcrumb\"},\"inLanguage\":\"en-GB\",\"potentialAction\":[{\"@type\":\"ReadAction\",\"target\":[\"https:\\\/\\\/le-clos-andre.com\\\/le-clos-andre\\\/\"]}]},{\"@type\":\"ImageObject\",\"inLanguage\":\"en-GB\",\"@id\":\"https:\\\/\\\/le-clos-andre.com\\\/le-clos-andre\\\/#primaryimage\",\"url\":\"http:\\\/\\\/le-clos-andre.com\\\/wp-content\\\/uploads\\\/2024\\\/07\\\/jardin_07-1024x768.jpg\",\"contentUrl\":\"http:\\\/\\\/le-clos-andre.com\\\/wp-content\\\/uploads\\\/2024\\\/07\\\/jardin_07-1024x768.jpg\"},{\"@type\":\"BreadcrumbList\",\"@id\":\"https:\\\/\\\/le-clos-andre.com\\\/le-clos-andre\\\/#breadcrumb\",\"itemListElement\":[{\"@type\":\"ListItem\",\"position\":1,\"name\":\"Accueil\",\"item\":\"https:\\\/\\\/le-clos-andre.com\\\/\"},{\"@type\":\"ListItem\",\"position\":2,\"name\":\"Le Clos Andr\u00e9\"}]},{\"@type\":\"WebSite\",\"@id\":\"https:\\\/\\\/le-clos-andre.com\\\/#website\",\"url\":\"https:\\\/\\\/le-clos-andre.com\\\/\",\"name\":\"Clos Andr\u00e9\",\"description\":\"\",\"publisher\":{\"@id\":\"https:\\\/\\\/le-clos-andre.com\\\/#organization\"},\"potentialAction\":[{\"@type\":\"SearchAction\",\"target\":{\"@type\":\"EntryPoint\",\"urlTemplate\":\"https:\\\/\\\/le-clos-andre.com\\\/?s={search_term_string}\"},\"query-input\":{\"@type\":\"PropertyValueSpecification\",\"valueRequired\":true,\"valueName\":\"search_term_string\"}}],\"inLanguage\":\"en-GB\"},{\"@type\":\"Organization\",\"@id\":\"https:\\\/\\\/le-clos-andre.com\\\/#organization\",\"name\":\"Massande\",\"url\":\"https:\\\/\\\/le-clos-andre.com\\\/\",\"logo\":{\"@type\":\"ImageObject\",\"inLanguage\":\"en-GB\",\"@id\":\"https:\\\/\\\/le-clos-andre.com\\\/#\\\/schema\\\/logo\\\/image\\\/\",\"url\":\"https:\\\/\\\/le-clos-andre.com\\\/wp-content\\\/uploads\\\/2025\\\/09\\\/cropped-home-real-estate-home-design-logo.png\",\"contentUrl\":\"https:\\\/\\\/le-clos-andre.com\\\/wp-content\\\/uploads\\\/2025\\\/09\\\/cropped-home-real-estate-home-design-logo.png\",\"width\":224,\"height\":190,\"caption\":\"Massande\"},\"image\":{\"@id\":\"https:\\\/\\\/le-clos-andre.com\\\/#\\\/schema\\\/logo\\\/image\\\/\"}}]}<\/script>\n<!-- \/ Yoast SEO plugin. -->","yoast_head_json":{"title":"Le Clos Andr\u00e9 - Le Clos Andr\u00e9","description":"En r\u00e9servant le Grand G\u00eete, vous aurez acc\u00e8s \u00e0 toute la maison et \u00e0 tout le jardin. Ainsi, 10 personnes peuvent y s\u00e9journer.","robots":{"index":"index","follow":"follow","max-snippet":"max-snippet:-1","max-image-preview":"max-image-preview:large","max-video-preview":"max-video-preview:-1"},"canonical":"https:\/\/le-clos-andre.com\/en\/le-clos-andre\/","og_locale":"en_GB","og_type":"article","og_title":"Le Clos Andr\u00e9 - Le Clos Andr\u00e9","og_description":"En r\u00e9servant le Grand G\u00eete, vous aurez acc\u00e8s \u00e0 toute la maison et \u00e0 tout le jardin. Ainsi, 10 personnes peuvent y s\u00e9journer.","og_url":"https:\/\/le-clos-andre.com\/en\/le-clos-andre\/","og_site_name":"Le Clos Andr\u00e9","article_modified_time":"2025-09-16T12:13:54+00:00","og_image":[{"url":"http:\/\/le-clos-andre.com\/wp-content\/uploads\/2024\/07\/jardin_07-1024x768.jpg","type":"","width":"","height":""}],"twitter_card":"summary_large_image","twitter_misc":{"Estimated reading time":"1 minute"},"schema":{"@context":"https:\/\/schema.org","@graph":[{"@type":"WebPage","@id":"https:\/\/le-clos-andre.com\/le-clos-andre\/","url":"https:\/\/le-clos-andre.com\/le-clos-andre\/","name":"Le Clos Andr\u00e9 - Le Clos Andr\u00e9","isPartOf":{"@id":"https:\/\/le-clos-andre.com\/#website"},"primaryImageOfPage":{"@id":"https:\/\/le-clos-andre.com\/le-clos-andre\/#primaryimage"},"image":{"@id":"https:\/\/le-clos-andre.com\/le-clos-andre\/#primaryimage"},"thumbnailUrl":"http:\/\/le-clos-andre.com\/wp-content\/uploads\/2024\/07\/jardin_07-1024x768.jpg","datePublished":"2024-06-05T13:10:46+00:00","dateModified":"2025-09-16T12:13:54+00:00","description":"En r\u00e9servant le Grand G\u00eete, vous aurez acc\u00e8s \u00e0 toute la maison et \u00e0 tout le jardin. Ainsi, 10 personnes peuvent y s\u00e9journer.","breadcrumb":{"@id":"https:\/\/le-clos-andre.com\/le-clos-andre\/#breadcrumb"},"inLanguage":"en-GB","potentialAction":[{"@type":"ReadAction","target":["https:\/\/le-clos-andre.com\/le-clos-andre\/"]}]},{"@type":"ImageObject","inLanguage":"en-GB","@id":"https:\/\/le-clos-andre.com\/le-clos-andre\/#primaryimage","url":"http:\/\/le-clos-andre.com\/wp-content\/uploads\/2024\/07\/jardin_07-1024x768.jpg","contentUrl":"http:\/\/le-clos-andre.com\/wp-content\/uploads\/2024\/07\/jardin_07-1024x768.jpg"},{"@type":"BreadcrumbList","@id":"https:\/\/le-clos-andre.com\/le-clos-andre\/#breadcrumb","itemListElement":[{"@type":"ListItem","position":1,"name":"Accueil","item":"https:\/\/le-clos-andre.com\/"},{"@type":"ListItem","position":2,"name":"Le Clos Andr\u00e9"}]},{"@type":"WebSite","@id":"https:\/\/le-clos-andre.com\/#website","url":"https:\/\/le-clos-andre.com\/","name":"Clos Andr\u00e9","description":"","publisher":{"@id":"https:\/\/le-clos-andre.com\/#organization"},"potentialAction":[{"@type":"SearchAction","target":{"@type":"EntryPoint","urlTemplate":"https:\/\/le-clos-andre.com\/?s={search_term_string}"},"query-input":{"@type":"PropertyValueSpecification","valueRequired":true,"valueName":"search_term_string"}}],"inLanguage":"en-GB"},{"@type":"Organization","@id":"https:\/\/le-clos-andre.com\/#organization","name":"Massande","url":"https:\/\/le-clos-andre.com\/","logo":{"@type":"ImageObject","inLanguage":"en-GB","@id":"https:\/\/le-clos-andre.com\/#\/schema\/logo\/image\/","url":"https:\/\/le-clos-andre.com\/wp-content\/uploads\/2025\/09\/cropped-home-real-estate-home-design-logo.png","contentUrl":"https:\/\/le-clos-andre.com\/wp-content\/uploads\/2025\/09\/cropped-home-real-estate-home-design-logo.png","width":224,"height":190,"caption":"Massande"},"image":{"@id":"https:\/\/le-clos-andre.com\/#\/schema\/logo\/image\/"}}]}},"_links":{"self":[{"href":"https:\/\/le-clos-andre.com\/en\/wp-json\/wp\/v2\/pages\/140","targetHints":{"allow":["GET"]}}],"collection":[{"href":"https:\/\/le-clos-andre.com\/en\/wp-json\/wp\/v2\/pages"}],"about":[{"href":"https:\/\/le-clos-andre.com\/en\/wp-json\/wp\/v2\/types\/page"}],"author":[{"embeddable":true,"href":"https:\/\/le-clos-andre.com\/en\/wp-json\/wp\/v2\/users\/1"}],"replies":[{"embeddable":true,"href":"https:\/\/le-clos-andre.com\/en\/wp-json\/wp\/v2\/comments?post=140"}],"version-history":[{"count":44,"href":"https:\/\/le-clos-andre.com\/en\/wp-json\/wp\/v2\/pages\/140\/revisions"}],"predecessor-version":[{"id":1012,"href":"https:\/\/le-clos-andre.com\/en\/wp-json\/wp\/v2\/pages\/140\/revisions\/1012"}],"wp:attachment":[{"href":"https:\/\/le-clos-andre.com\/en\/wp-json\/wp\/v2\/media?parent=140"}],"curies":[{"name":"wp","href":"https:\/\/api.w.org\/{rel}","templated":true}]}}