{"id":165,"date":"2024-06-05T15:54:59","date_gmt":"2024-06-05T13:54:59","guid":{"rendered":"https:\/\/le-clos-andre.com\/?page_id=165"},"modified":"2025-09-16T14:11:03","modified_gmt":"2025-09-16T12:11:03","slug":"maison-chambourdine","status":"publish","type":"page","link":"https:\/\/le-clos-andre.com\/en\/maison-chambourdine\/","title":{"rendered":"Maison chambourdine"},"content":{"rendered":"<div data-elementor-type=\"wp-page\" data-elementor-id=\"165\" class=\"elementor elementor-165\">\n\t\t\t\t<div class=\"elementor-element elementor-element-516f9a5 e-flex e-con-boxed e-con e-parent\" data-id=\"516f9a5\" data-element_type=\"container\" data-e-type=\"container\">\n\t\t\t\t\t<div class=\"e-con-inner\">\n\t\t<div class=\"elementor-element elementor-element-734135b e-con-full e-flex e-con e-child\" data-id=\"734135b\" data-element_type=\"container\" data-e-type=\"container\">\n\t\t\t\t<div class=\"elementor-element elementor-element-d97ed7b elementor-widget elementor-widget-image\" data-id=\"d97ed7b\" data-element_type=\"widget\" data-e-type=\"widget\" data-widget_type=\"image.default\">\n\t\t\t\t<div class=\"elementor-widget-container\">\n\t\t\t\t\t\t\t\t\t\t\t\t\t\t\t<img fetchpriority=\"high\" decoding=\"async\" width=\"1024\" height=\"767\" src=\"https:\/\/le-clos-andre.com\/wp-content\/uploads\/2024\/07\/salon_02-1024x767.jpeg\" class=\"attachment-large size-large wp-image-278\" alt=\"Un salon pour se d\u00e9tendre ou... s&#039;amuser\" srcset=\"https:\/\/le-clos-andre.com\/wp-content\/uploads\/2024\/07\/salon_02-1024x767.jpeg 1024w, https:\/\/le-clos-andre.com\/wp-content\/uploads\/2024\/07\/salon_02-300x225.jpeg 300w, https:\/\/le-clos-andre.com\/wp-content\/uploads\/2024\/07\/salon_02-768x576.jpeg 768w, https:\/\/le-clos-andre.com\/wp-content\/uploads\/2024\/07\/salon_02-1536x1151.jpeg 1536w, https:\/\/le-clos-andre.com\/wp-content\/uploads\/2024\/07\/salon_02-2048x1535.jpeg 2048w\" sizes=\"(max-width: 1024px) 100vw, 1024px\" \/>\t\t\t\t\t\t\t\t\t\t\t\t\t\t\t<\/div>\n\t\t\t\t<\/div>\n\t\t\t\t<\/div>\n\t\t<div class=\"elementor-element elementor-element-f25d6da e-con-full e-flex e-con e-child\" data-id=\"f25d6da\" data-element_type=\"container\" data-e-type=\"container\">\n\t\t\t\t<div class=\"elementor-element elementor-element-12008c4 elementor-widget elementor-widget-heading\" data-id=\"12008c4\" data-element_type=\"widget\" data-e-type=\"widget\" data-widget_type=\"heading.default\">\n\t\t\t\t<div class=\"elementor-widget-container\">\n\t\t\t\t\t<h2 class=\"elementor-heading-title elementor-size-default\">Pour 6 \u00e0 8 personnes<\/h2>\t\t\t\t<\/div>\n\t\t\t\t<\/div>\n\t\t\t\t<div class=\"elementor-element elementor-element-a284bf3 elementor-icon-list--layout-traditional elementor-list-item-link-full_width elementor-widget elementor-widget-icon-list\" data-id=\"a284bf3\" data-element_type=\"widget\" data-e-type=\"widget\" data-widget_type=\"icon-list.default\">\n\t\t\t\t<div class=\"elementor-widget-container\">\n\t\t\t\t\t\t\t<ul class=\"elementor-icon-list-items\">\n\t\t\t\t\t\t\t<li class=\"elementor-icon-list-item\">\n\t\t\t\t\t\t\t\t\t\t\t<span class=\"elementor-icon-list-icon\">\n\t\t\t\t\t\t\t<svg aria-hidden=\"true\" class=\"e-font-icon-svg e-fas-male\" viewbox=\"0 0 192 512\" xmlns=\"http:\/\/www.w3.org\/2000\/svg\"><path d=\"M96 0c35.346 0 64 28.654 64 64s-28.654 64-64 64-64-28.654-64-64S60.654 0 96 0m48 144h-11.36c-22.711 10.443-49.59 10.894-73.28 0H48c-26.51 0-48 21.49-48 48v136c0 13.255 10.745 24 24 24h16v136c0 13.255 10.745 24 24 24h64c13.255 0 24-10.745 24-24V352h16c13.255 0 24-10.745 24-24V192c0-26.51-21.49-48-48-48z\"><\/path><\/svg>\t\t\t\t\t\t<\/span>\n\t\t\t\t\t\t\t\t\t\t<span class=\"elementor-icon-list-text\">H\u00e9bergement pour 6\/8 personnes<\/span>\n\t\t\t\t\t\t\t\t\t<\/li>\n\t\t\t\t\t\t\t\t<li class=\"elementor-icon-list-item\">\n\t\t\t\t\t\t\t\t\t\t\t<span class=\"elementor-icon-list-icon\">\n\t\t\t\t\t\t\t<svg aria-hidden=\"true\" class=\"e-font-icon-svg e-fas-bed\" viewbox=\"0 0 640 512\" xmlns=\"http:\/\/www.w3.org\/2000\/svg\"><path d=\"M176 256c44.11 0 80-35.89 80-80s-35.89-80-80-80-80 35.89-80 80 35.89 80 80 80zm352-128H304c-8.84 0-16 7.16-16 16v144H64V80c0-8.84-7.16-16-16-16H16C7.16 64 0 71.16 0 80v352c0 8.84 7.16 16 16 16h32c8.84 0 16-7.16 16-16v-48h512v48c0 8.84 7.16 16 16 16h32c8.84 0 16-7.16 16-16V240c0-61.86-50.14-112-112-112z\"><\/path><\/svg>\t\t\t\t\t\t<\/span>\n\t\t\t\t\t\t\t\t\t\t<span class=\"elementor-icon-list-text\">Linge de lit et de toilette fournis<\/span>\n\t\t\t\t\t\t\t\t\t<\/li>\n\t\t\t\t\t\t\t\t<li class=\"elementor-icon-list-item\">\n\t\t\t\t\t\t\t\t\t\t\t<span class=\"elementor-icon-list-icon\">\n\t\t\t\t\t\t\t<svg aria-hidden=\"true\" class=\"e-font-icon-svg e-fas-tree\" viewbox=\"0 0 384 512\" xmlns=\"http:\/\/www.w3.org\/2000\/svg\"><path d=\"M378.31 378.49L298.42 288h30.63c9.01 0 16.98-5 20.78-13.06 3.8-8.04 2.55-17.26-3.28-24.05L268.42 160h28.89c9.1 0 17.3-5.35 20.86-13.61 3.52-8.13 1.86-17.59-4.24-24.08L203.66 4.83c-6.03-6.45-17.28-6.45-23.32 0L70.06 122.31c-6.1 6.49-7.75 15.95-4.24 24.08C69.38 154.65 77.59 160 86.69 160h28.89l-78.14 90.91c-5.81 6.78-7.06 15.99-3.27 24.04C37.97 283 45.93 288 54.95 288h30.63L5.69 378.49c-6 6.79-7.36 16.09-3.56 24.26 3.75 8.05 12 13.25 21.01 13.25H160v24.45l-30.29 48.4c-5.32 10.64 2.42 23.16 14.31 23.16h95.96c11.89 0 19.63-12.52 14.31-23.16L224 440.45V416h136.86c9.01 0 17.26-5.2 21.01-13.25 3.8-8.17 2.44-17.47-3.56-24.26z\"><\/path><\/svg>\t\t\t\t\t\t<\/span>\n\t\t\t\t\t\t\t\t\t\t<span class=\"elementor-icon-list-text\">Vaste jardin<\/span>\n\t\t\t\t\t\t\t\t\t<\/li>\n\t\t\t\t\t\t<\/ul>\n\t\t\t\t\t\t<\/div>\n\t\t\t\t<\/div>\n\t\t\t\t<div class=\"elementor-element elementor-element-9f8efaf elementor-widget elementor-widget-text-editor\" data-id=\"9f8efaf\" data-element_type=\"widget\" data-e-type=\"widget\" data-widget_type=\"text-editor.default\">\n\t\t\t\t<div class=\"elementor-widget-container\">\n\t\t\t\t\t\t\t\t\t<p>En famille ou entreamis, notre maison chambourdine est faite pour se retrouver et partager de bons moments.<\/p>\t\t\t\t\t\t\t\t<\/div>\n\t\t\t\t<\/div>\n\t\t\t\t<\/div>\n\t\t\t\t\t<\/div>\n\t\t\t\t<\/div>\n\t\t<div class=\"elementor-element elementor-element-0305b0b e-flex e-con-boxed e-con e-parent\" data-id=\"0305b0b\" data-element_type=\"container\" data-e-type=\"container\">\n\t\t\t\t\t<div class=\"e-con-inner\">\n\t\t\t\t<div class=\"elementor-element elementor-element-9eb37bc elementor-widget elementor-widget-heading\" data-id=\"9eb37bc\" data-element_type=\"widget\" data-e-type=\"widget\" data-widget_type=\"heading.default\">\n\t\t\t\t<div class=\"elementor-widget-container\">\n\t\t\t\t\t<h2 class=\"elementor-heading-title elementor-size-default\">R\u00e9servez votre h\u00e9bergement<\/h2>\t\t\t\t<\/div>\n\t\t\t\t<\/div>\n\t\t\t\t\t<\/div>\n\t\t\t\t<\/div>\n\t\t<div class=\"elementor-element elementor-element-dcbfa48 e-flex e-con-boxed e-con e-parent\" data-id=\"dcbfa48\" data-element_type=\"container\" data-e-type=\"container\">\n\t\t\t\t\t<div class=\"e-con-inner\">\n\t\t\t\t<div class=\"elementor-element elementor-element-a0a104f elementor-widget elementor-widget-shortcode\" data-id=\"a0a104f\" data-element_type=\"widget\" data-e-type=\"widget\" data-widget_type=\"shortcode.default\">\n\t\t\t\t<div class=\"elementor-widget-container\">\n\t\t\t\t\t\t\t<div class=\"elementor-shortcode\">  <\/div>\n\t\t\t\t\t\t<\/div>\n\t\t\t\t<\/div>\n\t\t\t\t\t<\/div>\n\t\t\t\t<\/div>\n\t\t\t\t<\/div>","protected":false},"excerpt":{"rendered":"<p>Pour 6 \u00e0 8 personnes H\u00e9bergement pour 6\/8 personnes Linge de lit et de toilette fournis Vaste jardin En famille ou entreamis, notre maison chambourdine est faite pour se retrouver et partager de bons moments. R\u00e9servez votre h\u00e9bergement<\/p>","protected":false},"author":1,"featured_media":0,"parent":0,"menu_order":0,"comment_status":"closed","ping_status":"closed","template":"","meta":{"footnotes":""},"class_list":["post-165","page","type-page","status-publish","hentry"],"yoast_head":"<!-- This site is optimized with the Yoast SEO plugin v27.4 - https:\/\/yoast.com\/product\/yoast-seo-wordpress\/ -->\n<title>Maison chambourdine - Le Clos Andr\u00e9<\/title>\n<meta name=\"robots\" content=\"index, follow, max-snippet:-1, max-image-preview:large, max-video-preview:-1\" \/>\n<link rel=\"canonical\" href=\"https:\/\/le-clos-andre.com\/en\/maison-chambourdine\/\" \/>\n<meta property=\"og:locale\" content=\"en_GB\" \/>\n<meta property=\"og:type\" content=\"article\" \/>\n<meta property=\"og:title\" content=\"Maison chambourdine - Le Clos Andr\u00e9\" \/>\n<meta property=\"og:description\" content=\"Pour 6 \u00e0 8 personnes H\u00e9bergement pour 6\/8 personnes Linge de lit et de toilette fournis Vaste jardin En famille ou entreamis, notre maison chambourdine est faite pour se retrouver et partager de bons moments. R\u00e9servez votre h\u00e9bergement\" \/>\n<meta property=\"og:url\" content=\"https:\/\/le-clos-andre.com\/en\/maison-chambourdine\/\" \/>\n<meta property=\"og:site_name\" content=\"Le Clos Andr\u00e9\" \/>\n<meta property=\"article:modified_time\" content=\"2025-09-16T12:11:03+00:00\" \/>\n<meta property=\"og:image\" content=\"https:\/\/le-clos-andre.com\/wp-content\/uploads\/2024\/07\/salon_02-scaled.jpeg\" \/>\n\t<meta property=\"og:image:width\" content=\"2560\" \/>\n\t<meta property=\"og:image:height\" content=\"1919\" \/>\n\t<meta property=\"og:image:type\" content=\"image\/jpeg\" \/>\n<meta name=\"twitter:card\" content=\"summary_large_image\" \/>\n<meta name=\"twitter:label1\" content=\"Estimated reading time\" \/>\n\t<meta name=\"twitter:data1\" content=\"1 minute\" \/>\n<script type=\"application\/ld+json\" class=\"yoast-schema-graph\">{\"@context\":\"https:\\\/\\\/schema.org\",\"@graph\":[{\"@type\":\"WebPage\",\"@id\":\"https:\\\/\\\/le-clos-andre.com\\\/maison-chambourdine\\\/\",\"url\":\"https:\\\/\\\/le-clos-andre.com\\\/maison-chambourdine\\\/\",\"name\":\"Maison chambourdine - Le Clos Andr\u00e9\",\"isPartOf\":{\"@id\":\"https:\\\/\\\/le-clos-andre.com\\\/#website\"},\"primaryImageOfPage\":{\"@id\":\"https:\\\/\\\/le-clos-andre.com\\\/maison-chambourdine\\\/#primaryimage\"},\"image\":{\"@id\":\"https:\\\/\\\/le-clos-andre.com\\\/maison-chambourdine\\\/#primaryimage\"},\"thumbnailUrl\":\"http:\\\/\\\/le-clos-andre.com\\\/wp-content\\\/uploads\\\/2024\\\/07\\\/salon_02-1024x767.jpeg\",\"datePublished\":\"2024-06-05T13:54:59+00:00\",\"dateModified\":\"2025-09-16T12:11:03+00:00\",\"breadcrumb\":{\"@id\":\"https:\\\/\\\/le-clos-andre.com\\\/maison-chambourdine\\\/#breadcrumb\"},\"inLanguage\":\"en-GB\",\"potentialAction\":[{\"@type\":\"ReadAction\",\"target\":[\"https:\\\/\\\/le-clos-andre.com\\\/maison-chambourdine\\\/\"]}]},{\"@type\":\"ImageObject\",\"inLanguage\":\"en-GB\",\"@id\":\"https:\\\/\\\/le-clos-andre.com\\\/maison-chambourdine\\\/#primaryimage\",\"url\":\"http:\\\/\\\/le-clos-andre.com\\\/wp-content\\\/uploads\\\/2024\\\/07\\\/salon_02-1024x767.jpeg\",\"contentUrl\":\"http:\\\/\\\/le-clos-andre.com\\\/wp-content\\\/uploads\\\/2024\\\/07\\\/salon_02-1024x767.jpeg\"},{\"@type\":\"BreadcrumbList\",\"@id\":\"https:\\\/\\\/le-clos-andre.com\\\/maison-chambourdine\\\/#breadcrumb\",\"itemListElement\":[{\"@type\":\"ListItem\",\"position\":1,\"name\":\"Accueil\",\"item\":\"https:\\\/\\\/le-clos-andre.com\\\/\"},{\"@type\":\"ListItem\",\"position\":2,\"name\":\"Maison chambourdine\"}]},{\"@type\":\"WebSite\",\"@id\":\"https:\\\/\\\/le-clos-andre.com\\\/#website\",\"url\":\"https:\\\/\\\/le-clos-andre.com\\\/\",\"name\":\"Clos Andr\u00e9\",\"description\":\"\",\"publisher\":{\"@id\":\"https:\\\/\\\/le-clos-andre.com\\\/#organization\"},\"potentialAction\":[{\"@type\":\"SearchAction\",\"target\":{\"@type\":\"EntryPoint\",\"urlTemplate\":\"https:\\\/\\\/le-clos-andre.com\\\/?s={search_term_string}\"},\"query-input\":{\"@type\":\"PropertyValueSpecification\",\"valueRequired\":true,\"valueName\":\"search_term_string\"}}],\"inLanguage\":\"en-GB\"},{\"@type\":\"Organization\",\"@id\":\"https:\\\/\\\/le-clos-andre.com\\\/#organization\",\"name\":\"Massande\",\"url\":\"https:\\\/\\\/le-clos-andre.com\\\/\",\"logo\":{\"@type\":\"ImageObject\",\"inLanguage\":\"en-GB\",\"@id\":\"https:\\\/\\\/le-clos-andre.com\\\/#\\\/schema\\\/logo\\\/image\\\/\",\"url\":\"https:\\\/\\\/le-clos-andre.com\\\/wp-content\\\/uploads\\\/2025\\\/09\\\/cropped-home-real-estate-home-design-logo.png\",\"contentUrl\":\"https:\\\/\\\/le-clos-andre.com\\\/wp-content\\\/uploads\\\/2025\\\/09\\\/cropped-home-real-estate-home-design-logo.png\",\"width\":224,\"height\":190,\"caption\":\"Massande\"},\"image\":{\"@id\":\"https:\\\/\\\/le-clos-andre.com\\\/#\\\/schema\\\/logo\\\/image\\\/\"}}]}<\/script>\n<!-- \/ Yoast SEO plugin. -->","yoast_head_json":{"title":"Maison chambourdine - Le Clos Andr\u00e9","robots":{"index":"index","follow":"follow","max-snippet":"max-snippet:-1","max-image-preview":"max-image-preview:large","max-video-preview":"max-video-preview:-1"},"canonical":"https:\/\/le-clos-andre.com\/en\/maison-chambourdine\/","og_locale":"en_GB","og_type":"article","og_title":"Maison chambourdine - Le Clos Andr\u00e9","og_description":"Pour 6 \u00e0 8 personnes H\u00e9bergement pour 6\/8 personnes Linge de lit et de toilette fournis Vaste jardin En famille ou entreamis, notre maison chambourdine est faite pour se retrouver et partager de bons moments. R\u00e9servez votre h\u00e9bergement","og_url":"https:\/\/le-clos-andre.com\/en\/maison-chambourdine\/","og_site_name":"Le Clos Andr\u00e9","article_modified_time":"2025-09-16T12:11:03+00:00","og_image":[{"width":2560,"height":1919,"url":"https:\/\/le-clos-andre.com\/wp-content\/uploads\/2024\/07\/salon_02-scaled.jpeg","type":"image\/jpeg"}],"twitter_card":"summary_large_image","twitter_misc":{"Estimated reading time":"1 minute"},"schema":{"@context":"https:\/\/schema.org","@graph":[{"@type":"WebPage","@id":"https:\/\/le-clos-andre.com\/maison-chambourdine\/","url":"https:\/\/le-clos-andre.com\/maison-chambourdine\/","name":"Maison chambourdine - Le Clos Andr\u00e9","isPartOf":{"@id":"https:\/\/le-clos-andre.com\/#website"},"primaryImageOfPage":{"@id":"https:\/\/le-clos-andre.com\/maison-chambourdine\/#primaryimage"},"image":{"@id":"https:\/\/le-clos-andre.com\/maison-chambourdine\/#primaryimage"},"thumbnailUrl":"http:\/\/le-clos-andre.com\/wp-content\/uploads\/2024\/07\/salon_02-1024x767.jpeg","datePublished":"2024-06-05T13:54:59+00:00","dateModified":"2025-09-16T12:11:03+00:00","breadcrumb":{"@id":"https:\/\/le-clos-andre.com\/maison-chambourdine\/#breadcrumb"},"inLanguage":"en-GB","potentialAction":[{"@type":"ReadAction","target":["https:\/\/le-clos-andre.com\/maison-chambourdine\/"]}]},{"@type":"ImageObject","inLanguage":"en-GB","@id":"https:\/\/le-clos-andre.com\/maison-chambourdine\/#primaryimage","url":"http:\/\/le-clos-andre.com\/wp-content\/uploads\/2024\/07\/salon_02-1024x767.jpeg","contentUrl":"http:\/\/le-clos-andre.com\/wp-content\/uploads\/2024\/07\/salon_02-1024x767.jpeg"},{"@type":"BreadcrumbList","@id":"https:\/\/le-clos-andre.com\/maison-chambourdine\/#breadcrumb","itemListElement":[{"@type":"ListItem","position":1,"name":"Accueil","item":"https:\/\/le-clos-andre.com\/"},{"@type":"ListItem","position":2,"name":"Maison chambourdine"}]},{"@type":"WebSite","@id":"https:\/\/le-clos-andre.com\/#website","url":"https:\/\/le-clos-andre.com\/","name":"Clos Andr\u00e9","description":"","publisher":{"@id":"https:\/\/le-clos-andre.com\/#organization"},"potentialAction":[{"@type":"SearchAction","target":{"@type":"EntryPoint","urlTemplate":"https:\/\/le-clos-andre.com\/?s={search_term_string}"},"query-input":{"@type":"PropertyValueSpecification","valueRequired":true,"valueName":"search_term_string"}}],"inLanguage":"en-GB"},{"@type":"Organization","@id":"https:\/\/le-clos-andre.com\/#organization","name":"Massande","url":"https:\/\/le-clos-andre.com\/","logo":{"@type":"ImageObject","inLanguage":"en-GB","@id":"https:\/\/le-clos-andre.com\/#\/schema\/logo\/image\/","url":"https:\/\/le-clos-andre.com\/wp-content\/uploads\/2025\/09\/cropped-home-real-estate-home-design-logo.png","contentUrl":"https:\/\/le-clos-andre.com\/wp-content\/uploads\/2025\/09\/cropped-home-real-estate-home-design-logo.png","width":224,"height":190,"caption":"Massande"},"image":{"@id":"https:\/\/le-clos-andre.com\/#\/schema\/logo\/image\/"}}]}},"_links":{"self":[{"href":"https:\/\/le-clos-andre.com\/en\/wp-json\/wp\/v2\/pages\/165","targetHints":{"allow":["GET"]}}],"collection":[{"href":"https:\/\/le-clos-andre.com\/en\/wp-json\/wp\/v2\/pages"}],"about":[{"href":"https:\/\/le-clos-andre.com\/en\/wp-json\/wp\/v2\/types\/page"}],"author":[{"embeddable":true,"href":"https:\/\/le-clos-andre.com\/en\/wp-json\/wp\/v2\/users\/1"}],"replies":[{"embeddable":true,"href":"https:\/\/le-clos-andre.com\/en\/wp-json\/wp\/v2\/comments?post=165"}],"version-history":[{"count":20,"href":"https:\/\/le-clos-andre.com\/en\/wp-json\/wp\/v2\/pages\/165\/revisions"}],"predecessor-version":[{"id":1008,"href":"https:\/\/le-clos-andre.com\/en\/wp-json\/wp\/v2\/pages\/165\/revisions\/1008"}],"wp:attachment":[{"href":"https:\/\/le-clos-andre.com\/en\/wp-json\/wp\/v2\/media?parent=165"}],"curies":[{"name":"wp","href":"https:\/\/api.w.org\/{rel}","templated":true}]}}