{"id":220,"date":"2024-06-06T23:41:35","date_gmt":"2024-06-06T21:41:35","guid":{"rendered":"https:\/\/le-clos-andre.com\/?page_id=220"},"modified":"2025-09-16T14:09:14","modified_gmt":"2025-09-16T12:09:14","slug":"le-studio-chambord","status":"publish","type":"page","link":"https:\/\/le-clos-andre.com\/en\/le-studio-chambord\/","title":{"rendered":"Le Studio &#8211; Chambord"},"content":{"rendered":"<div data-elementor-type=\"wp-page\" data-elementor-id=\"220\" class=\"elementor elementor-220\">\n\t\t\t\t<div class=\"elementor-element elementor-element-a75c99a e-flex e-con-boxed e-con e-parent\" data-id=\"a75c99a\" data-element_type=\"container\" data-e-type=\"container\">\n\t\t\t\t\t<div class=\"e-con-inner\">\n\t\t<div class=\"elementor-element elementor-element-fbccea1 e-con-full e-flex e-con e-child\" data-id=\"fbccea1\" data-element_type=\"container\" data-e-type=\"container\">\n\t\t\t\t<div class=\"elementor-element elementor-element-7956076 elementor-widget elementor-widget-image\" data-id=\"7956076\" data-element_type=\"widget\" data-e-type=\"widget\" data-widget_type=\"image.default\">\n\t\t\t\t<div class=\"elementor-widget-container\">\n\t\t\t\t\t\t\t\t\t\t\t\t\t\t\t<img fetchpriority=\"high\" decoding=\"async\" width=\"1024\" height=\"601\" src=\"https:\/\/le-clos-andre.com\/wp-content\/uploads\/2024\/07\/chambre3-1024x601.jpeg\" class=\"attachment-large size-large wp-image-271\" alt=\"\" srcset=\"https:\/\/le-clos-andre.com\/wp-content\/uploads\/2024\/07\/chambre3-1024x601.jpeg 1024w, https:\/\/le-clos-andre.com\/wp-content\/uploads\/2024\/07\/chambre3-300x176.jpeg 300w, https:\/\/le-clos-andre.com\/wp-content\/uploads\/2024\/07\/chambre3-768x451.jpeg 768w, https:\/\/le-clos-andre.com\/wp-content\/uploads\/2024\/07\/chambre3-1536x902.jpeg 1536w, https:\/\/le-clos-andre.com\/wp-content\/uploads\/2024\/07\/chambre3-2048x1203.jpeg 2048w\" sizes=\"(max-width: 1024px) 100vw, 1024px\" \/>\t\t\t\t\t\t\t\t\t\t\t\t\t\t\t<\/div>\n\t\t\t\t<\/div>\n\t\t\t\t<\/div>\n\t\t<div class=\"elementor-element elementor-element-5d40c20 e-con-full e-flex e-con e-child\" data-id=\"5d40c20\" data-element_type=\"container\" data-e-type=\"container\">\n\t\t\t\t<div class=\"elementor-element elementor-element-89f8a65 elementor-widget elementor-widget-heading\" data-id=\"89f8a65\" data-element_type=\"widget\" data-e-type=\"widget\" data-widget_type=\"heading.default\">\n\t\t\t\t<div class=\"elementor-widget-container\">\n\t\t\t\t\t<h2 class=\"elementor-heading-title elementor-size-default\">Une chambre hoteli\u00e8re<\/h2>\t\t\t\t<\/div>\n\t\t\t\t<\/div>\n\t\t\t\t<div class=\"elementor-element elementor-element-4fba3f9 elementor-icon-list--layout-traditional elementor-list-item-link-full_width elementor-widget elementor-widget-icon-list\" data-id=\"4fba3f9\" data-element_type=\"widget\" data-e-type=\"widget\" data-widget_type=\"icon-list.default\">\n\t\t\t\t<div class=\"elementor-widget-container\">\n\t\t\t\t\t\t\t<ul class=\"elementor-icon-list-items\">\n\t\t\t\t\t\t\t<li class=\"elementor-icon-list-item\">\n\t\t\t\t\t\t\t\t\t\t\t<span class=\"elementor-icon-list-icon\">\n\t\t\t\t\t\t\t<svg aria-hidden=\"true\" class=\"e-font-icon-svg e-fas-bed\" viewbox=\"0 0 640 512\" xmlns=\"http:\/\/www.w3.org\/2000\/svg\"><path d=\"M176 256c44.11 0 80-35.89 80-80s-35.89-80-80-80-80 35.89-80 80 35.89 80 80 80zm352-128H304c-8.84 0-16 7.16-16 16v144H64V80c0-8.84-7.16-16-16-16H16C7.16 64 0 71.16 0 80v352c0 8.84 7.16 16 16 16h32c8.84 0 16-7.16 16-16v-48h512v48c0 8.84 7.16 16 16 16h32c8.84 0 16-7.16 16-16V240c0-61.86-50.14-112-112-112z\"><\/path><\/svg>\t\t\t\t\t\t<\/span>\n\t\t\t\t\t\t\t\t\t\t<span class=\"elementor-icon-list-text\">Votre lit<\/span>\n\t\t\t\t\t\t\t\t\t<\/li>\n\t\t\t\t\t\t\t\t<li class=\"elementor-icon-list-item\">\n\t\t\t\t\t\t\t\t\t\t\t<span class=\"elementor-icon-list-icon\">\n\t\t\t\t\t\t\t<svg aria-hidden=\"true\" class=\"e-font-icon-svg e-fas-moon\" viewbox=\"0 0 512 512\" xmlns=\"http:\/\/www.w3.org\/2000\/svg\"><path d=\"M283.211 512c78.962 0 151.079-35.925 198.857-94.792 7.068-8.708-.639-21.43-11.562-19.35-124.203 23.654-238.262-71.576-238.262-196.954 0-72.222 38.662-138.635 101.498-174.394 9.686-5.512 7.25-20.197-3.756-22.23A258.156 258.156 0 0 0 283.211 0c-141.309 0-256 114.511-256 256 0 141.309 114.511 256 256 256z\"><\/path><\/svg>\t\t\t\t\t\t<\/span>\n\t\t\t\t\t\t\t\t\t\t<span class=\"elementor-icon-list-text\">Une nuit expresse<\/span>\n\t\t\t\t\t\t\t\t\t<\/li>\n\t\t\t\t\t\t\t\t<li class=\"elementor-icon-list-item\">\n\t\t\t\t\t\t\t\t\t\t\t<span class=\"elementor-icon-list-icon\">\n\t\t\t\t\t\t\t<svg aria-hidden=\"true\" class=\"e-font-icon-svg e-fas-shower\" viewbox=\"0 0 512 512\" xmlns=\"http:\/\/www.w3.org\/2000\/svg\"><path d=\"M304,320a16,16,0,1,0,16,16A16,16,0,0,0,304,320Zm32-96a16,16,0,1,0,16,16A16,16,0,0,0,336,224Zm32,64a16,16,0,1,0-16-16A16,16,0,0,0,368,288Zm-32,32a16,16,0,1,0-16-16A16,16,0,0,0,336,320Zm-32-64a16,16,0,1,0,16,16A16,16,0,0,0,304,256Zm128-32a16,16,0,1,0-16-16A16,16,0,0,0,432,224Zm-48,16a16,16,0,1,0,16-16A16,16,0,0,0,384,240Zm-16-48a16,16,0,1,0,16,16A16,16,0,0,0,368,192Zm96,32a16,16,0,1,0,16,16A16,16,0,0,0,464,224Zm32-32a16,16,0,1,0,16,16A16,16,0,0,0,496,192Zm-64,64a16,16,0,1,0,16,16A16,16,0,0,0,432,256Zm-32,32a16,16,0,1,0,16,16A16,16,0,0,0,400,288Zm-64,64a16,16,0,1,0,16,16A16,16,0,0,0,336,352Zm-32,32a16,16,0,1,0,16,16A16,16,0,0,0,304,384Zm64-64a16,16,0,1,0,16,16A16,16,0,0,0,368,320Zm21.65-218.35-11.3-11.31a16,16,0,0,0-22.63,0L350.05,96A111.19,111.19,0,0,0,272,64c-19.24,0-37.08,5.3-52.9,13.85l-10-10A121.72,121.72,0,0,0,123.44,32C55.49,31.5,0,92.91,0,160.85V464a16,16,0,0,0,16,16H48a16,16,0,0,0,16-16V158.4c0-30.15,21-58.2,51-61.93a58.38,58.38,0,0,1,48.93,16.67l10,10C165.3,138.92,160,156.76,160,176a111.23,111.23,0,0,0,32,78.05l-5.66,5.67a16,16,0,0,0,0,22.62l11.3,11.31a16,16,0,0,0,22.63,0L389.65,124.28A16,16,0,0,0,389.65,101.65Z\"><\/path><\/svg>\t\t\t\t\t\t<\/span>\n\t\t\t\t\t\t\t\t\t\t<span class=\"elementor-icon-list-text\">Douche et sanitaires<\/span>\n\t\t\t\t\t\t\t\t\t<\/li>\n\t\t\t\t\t\t<\/ul>\n\t\t\t\t\t\t<\/div>\n\t\t\t\t<\/div>\n\t\t\t\t<div class=\"elementor-element elementor-element-1336ed0 elementor-widget elementor-widget-text-editor\" data-id=\"1336ed0\" data-element_type=\"widget\" data-e-type=\"widget\" data-widget_type=\"text-editor.default\">\n\t\t\t\t<div class=\"elementor-widget-container\">\n\t\t\t\t\t\t\t\t\t<p>Vous avez besoin d&rsquo;un lit pour passer la nuit alors que ce n&rsquo;\u00e9tait pas pr\u00e9vu ! Notre studio est fait pour cela.<\/p>\t\t\t\t\t\t\t\t<\/div>\n\t\t\t\t<\/div>\n\t\t\t\t<\/div>\n\t\t\t\t\t<\/div>\n\t\t\t\t<\/div>\n\t\t<div class=\"elementor-element elementor-element-9c634fd e-flex e-con-boxed e-con e-parent\" data-id=\"9c634fd\" data-element_type=\"container\" data-e-type=\"container\">\n\t\t\t\t\t<div class=\"e-con-inner\">\n\t\t\t\t<div class=\"elementor-element elementor-element-82d4774 elementor-widget elementor-widget-heading\" data-id=\"82d4774\" data-element_type=\"widget\" data-e-type=\"widget\" data-widget_type=\"heading.default\">\n\t\t\t\t<div class=\"elementor-widget-container\">\n\t\t\t\t\t<h2 class=\"elementor-heading-title elementor-size-default\">R\u00e9server votre h\u00e9bergement<\/h2>\t\t\t\t<\/div>\n\t\t\t\t<\/div>\n\t\t\t\t\t<\/div>\n\t\t\t\t<\/div>\n\t\t<div class=\"elementor-element elementor-element-516694f e-flex e-con-boxed e-con e-parent\" data-id=\"516694f\" data-element_type=\"container\" data-e-type=\"container\">\n\t\t\t\t\t<div class=\"e-con-inner\">\n\t\t\t\t<div class=\"elementor-element elementor-element-1c11ca1 elementor-widget elementor-widget-shortcode\" data-id=\"1c11ca1\" data-element_type=\"widget\" data-e-type=\"widget\" data-widget_type=\"shortcode.default\">\n\t\t\t\t<div class=\"elementor-widget-container\">\n\t\t\t\t\t\t\t<div class=\"elementor-shortcode\">  <\/div>\n\t\t\t\t\t\t<\/div>\n\t\t\t\t<\/div>\n\t\t\t\t\t<\/div>\n\t\t\t\t<\/div>\n\t\t\t\t<\/div>","protected":false},"excerpt":{"rendered":"<p>Une chambre hoteli\u00e8re Votre lit Une nuit expresse Douche et sanitaires Vous avez besoin d&rsquo;un lit pour passer la nuit alors que ce n&rsquo;\u00e9tait pas pr\u00e9vu ! Notre studio est fait pour cela. R\u00e9server votre h\u00e9bergement<\/p>","protected":false},"author":1,"featured_media":0,"parent":0,"menu_order":0,"comment_status":"closed","ping_status":"closed","template":"","meta":{"footnotes":""},"class_list":["post-220","page","type-page","status-publish","hentry"],"yoast_head":"<!-- This site is optimized with the Yoast SEO plugin v27.4 - https:\/\/yoast.com\/product\/yoast-seo-wordpress\/ -->\n<title>Le Studio - Chambord - Le Clos Andr\u00e9<\/title>\n<meta name=\"robots\" content=\"index, follow, max-snippet:-1, max-image-preview:large, max-video-preview:-1\" \/>\n<link rel=\"canonical\" href=\"https:\/\/le-clos-andre.com\/en\/le-studio-chambord\/\" \/>\n<meta property=\"og:locale\" content=\"en_GB\" \/>\n<meta property=\"og:type\" content=\"article\" \/>\n<meta property=\"og:title\" content=\"Le Studio - Chambord - Le Clos Andr\u00e9\" \/>\n<meta property=\"og:description\" content=\"Une chambre hoteli\u00e8re Votre lit Une nuit expresse Douche et sanitaires Vous avez besoin d&rsquo;un lit pour passer la nuit alors que ce n&rsquo;\u00e9tait pas pr\u00e9vu ! Notre studio est fait pour cela. R\u00e9server votre h\u00e9bergement\" \/>\n<meta property=\"og:url\" content=\"https:\/\/le-clos-andre.com\/en\/le-studio-chambord\/\" \/>\n<meta property=\"og:site_name\" content=\"Le Clos Andr\u00e9\" \/>\n<meta property=\"article:modified_time\" content=\"2025-09-16T12:09:14+00:00\" \/>\n<meta property=\"og:image\" content=\"http:\/\/le-clos-andre.com\/wp-content\/uploads\/2024\/07\/chambre3-1024x601.jpeg\" \/>\n<meta name=\"twitter:card\" content=\"summary_large_image\" \/>\n<meta name=\"twitter:label1\" content=\"Estimated reading time\" \/>\n\t<meta name=\"twitter:data1\" content=\"1 minute\" \/>\n<script type=\"application\/ld+json\" class=\"yoast-schema-graph\">{\"@context\":\"https:\\\/\\\/schema.org\",\"@graph\":[{\"@type\":\"WebPage\",\"@id\":\"https:\\\/\\\/le-clos-andre.com\\\/le-studio-chambord\\\/\",\"url\":\"https:\\\/\\\/le-clos-andre.com\\\/le-studio-chambord\\\/\",\"name\":\"Le Studio - Chambord - Le Clos Andr\u00e9\",\"isPartOf\":{\"@id\":\"https:\\\/\\\/le-clos-andre.com\\\/#website\"},\"primaryImageOfPage\":{\"@id\":\"https:\\\/\\\/le-clos-andre.com\\\/le-studio-chambord\\\/#primaryimage\"},\"image\":{\"@id\":\"https:\\\/\\\/le-clos-andre.com\\\/le-studio-chambord\\\/#primaryimage\"},\"thumbnailUrl\":\"http:\\\/\\\/le-clos-andre.com\\\/wp-content\\\/uploads\\\/2024\\\/07\\\/chambre3-1024x601.jpeg\",\"datePublished\":\"2024-06-06T21:41:35+00:00\",\"dateModified\":\"2025-09-16T12:09:14+00:00\",\"breadcrumb\":{\"@id\":\"https:\\\/\\\/le-clos-andre.com\\\/le-studio-chambord\\\/#breadcrumb\"},\"inLanguage\":\"en-GB\",\"potentialAction\":[{\"@type\":\"ReadAction\",\"target\":[\"https:\\\/\\\/le-clos-andre.com\\\/le-studio-chambord\\\/\"]}]},{\"@type\":\"ImageObject\",\"inLanguage\":\"en-GB\",\"@id\":\"https:\\\/\\\/le-clos-andre.com\\\/le-studio-chambord\\\/#primaryimage\",\"url\":\"http:\\\/\\\/le-clos-andre.com\\\/wp-content\\\/uploads\\\/2024\\\/07\\\/chambre3-1024x601.jpeg\",\"contentUrl\":\"http:\\\/\\\/le-clos-andre.com\\\/wp-content\\\/uploads\\\/2024\\\/07\\\/chambre3-1024x601.jpeg\"},{\"@type\":\"BreadcrumbList\",\"@id\":\"https:\\\/\\\/le-clos-andre.com\\\/le-studio-chambord\\\/#breadcrumb\",\"itemListElement\":[{\"@type\":\"ListItem\",\"position\":1,\"name\":\"Accueil\",\"item\":\"https:\\\/\\\/le-clos-andre.com\\\/\"},{\"@type\":\"ListItem\",\"position\":2,\"name\":\"Le Studio &#8211; Chambord\"}]},{\"@type\":\"WebSite\",\"@id\":\"https:\\\/\\\/le-clos-andre.com\\\/#website\",\"url\":\"https:\\\/\\\/le-clos-andre.com\\\/\",\"name\":\"Clos Andr\u00e9\",\"description\":\"\",\"publisher\":{\"@id\":\"https:\\\/\\\/le-clos-andre.com\\\/#organization\"},\"potentialAction\":[{\"@type\":\"SearchAction\",\"target\":{\"@type\":\"EntryPoint\",\"urlTemplate\":\"https:\\\/\\\/le-clos-andre.com\\\/?s={search_term_string}\"},\"query-input\":{\"@type\":\"PropertyValueSpecification\",\"valueRequired\":true,\"valueName\":\"search_term_string\"}}],\"inLanguage\":\"en-GB\"},{\"@type\":\"Organization\",\"@id\":\"https:\\\/\\\/le-clos-andre.com\\\/#organization\",\"name\":\"Massande\",\"url\":\"https:\\\/\\\/le-clos-andre.com\\\/\",\"logo\":{\"@type\":\"ImageObject\",\"inLanguage\":\"en-GB\",\"@id\":\"https:\\\/\\\/le-clos-andre.com\\\/#\\\/schema\\\/logo\\\/image\\\/\",\"url\":\"https:\\\/\\\/le-clos-andre.com\\\/wp-content\\\/uploads\\\/2025\\\/09\\\/cropped-home-real-estate-home-design-logo.png\",\"contentUrl\":\"https:\\\/\\\/le-clos-andre.com\\\/wp-content\\\/uploads\\\/2025\\\/09\\\/cropped-home-real-estate-home-design-logo.png\",\"width\":224,\"height\":190,\"caption\":\"Massande\"},\"image\":{\"@id\":\"https:\\\/\\\/le-clos-andre.com\\\/#\\\/schema\\\/logo\\\/image\\\/\"}}]}<\/script>\n<!-- \/ Yoast SEO plugin. -->","yoast_head_json":{"title":"Le Studio - Chambord - Le Clos Andr\u00e9","robots":{"index":"index","follow":"follow","max-snippet":"max-snippet:-1","max-image-preview":"max-image-preview:large","max-video-preview":"max-video-preview:-1"},"canonical":"https:\/\/le-clos-andre.com\/en\/le-studio-chambord\/","og_locale":"en_GB","og_type":"article","og_title":"Le Studio - Chambord - Le Clos Andr\u00e9","og_description":"Une chambre hoteli\u00e8re Votre lit Une nuit expresse Douche et sanitaires Vous avez besoin d&rsquo;un lit pour passer la nuit alors que ce n&rsquo;\u00e9tait pas pr\u00e9vu ! Notre studio est fait pour cela. R\u00e9server votre h\u00e9bergement","og_url":"https:\/\/le-clos-andre.com\/en\/le-studio-chambord\/","og_site_name":"Le Clos Andr\u00e9","article_modified_time":"2025-09-16T12:09:14+00:00","og_image":[{"url":"http:\/\/le-clos-andre.com\/wp-content\/uploads\/2024\/07\/chambre3-1024x601.jpeg","type":"","width":"","height":""}],"twitter_card":"summary_large_image","twitter_misc":{"Estimated reading time":"1 minute"},"schema":{"@context":"https:\/\/schema.org","@graph":[{"@type":"WebPage","@id":"https:\/\/le-clos-andre.com\/le-studio-chambord\/","url":"https:\/\/le-clos-andre.com\/le-studio-chambord\/","name":"Le Studio - Chambord - Le Clos Andr\u00e9","isPartOf":{"@id":"https:\/\/le-clos-andre.com\/#website"},"primaryImageOfPage":{"@id":"https:\/\/le-clos-andre.com\/le-studio-chambord\/#primaryimage"},"image":{"@id":"https:\/\/le-clos-andre.com\/le-studio-chambord\/#primaryimage"},"thumbnailUrl":"http:\/\/le-clos-andre.com\/wp-content\/uploads\/2024\/07\/chambre3-1024x601.jpeg","datePublished":"2024-06-06T21:41:35+00:00","dateModified":"2025-09-16T12:09:14+00:00","breadcrumb":{"@id":"https:\/\/le-clos-andre.com\/le-studio-chambord\/#breadcrumb"},"inLanguage":"en-GB","potentialAction":[{"@type":"ReadAction","target":["https:\/\/le-clos-andre.com\/le-studio-chambord\/"]}]},{"@type":"ImageObject","inLanguage":"en-GB","@id":"https:\/\/le-clos-andre.com\/le-studio-chambord\/#primaryimage","url":"http:\/\/le-clos-andre.com\/wp-content\/uploads\/2024\/07\/chambre3-1024x601.jpeg","contentUrl":"http:\/\/le-clos-andre.com\/wp-content\/uploads\/2024\/07\/chambre3-1024x601.jpeg"},{"@type":"BreadcrumbList","@id":"https:\/\/le-clos-andre.com\/le-studio-chambord\/#breadcrumb","itemListElement":[{"@type":"ListItem","position":1,"name":"Accueil","item":"https:\/\/le-clos-andre.com\/"},{"@type":"ListItem","position":2,"name":"Le Studio &#8211; Chambord"}]},{"@type":"WebSite","@id":"https:\/\/le-clos-andre.com\/#website","url":"https:\/\/le-clos-andre.com\/","name":"Clos Andr\u00e9","description":"","publisher":{"@id":"https:\/\/le-clos-andre.com\/#organization"},"potentialAction":[{"@type":"SearchAction","target":{"@type":"EntryPoint","urlTemplate":"https:\/\/le-clos-andre.com\/?s={search_term_string}"},"query-input":{"@type":"PropertyValueSpecification","valueRequired":true,"valueName":"search_term_string"}}],"inLanguage":"en-GB"},{"@type":"Organization","@id":"https:\/\/le-clos-andre.com\/#organization","name":"Massande","url":"https:\/\/le-clos-andre.com\/","logo":{"@type":"ImageObject","inLanguage":"en-GB","@id":"https:\/\/le-clos-andre.com\/#\/schema\/logo\/image\/","url":"https:\/\/le-clos-andre.com\/wp-content\/uploads\/2025\/09\/cropped-home-real-estate-home-design-logo.png","contentUrl":"https:\/\/le-clos-andre.com\/wp-content\/uploads\/2025\/09\/cropped-home-real-estate-home-design-logo.png","width":224,"height":190,"caption":"Massande"},"image":{"@id":"https:\/\/le-clos-andre.com\/#\/schema\/logo\/image\/"}}]}},"_links":{"self":[{"href":"https:\/\/le-clos-andre.com\/en\/wp-json\/wp\/v2\/pages\/220","targetHints":{"allow":["GET"]}}],"collection":[{"href":"https:\/\/le-clos-andre.com\/en\/wp-json\/wp\/v2\/pages"}],"about":[{"href":"https:\/\/le-clos-andre.com\/en\/wp-json\/wp\/v2\/types\/page"}],"author":[{"embeddable":true,"href":"https:\/\/le-clos-andre.com\/en\/wp-json\/wp\/v2\/users\/1"}],"replies":[{"embeddable":true,"href":"https:\/\/le-clos-andre.com\/en\/wp-json\/wp\/v2\/comments?post=220"}],"version-history":[{"count":20,"href":"https:\/\/le-clos-andre.com\/en\/wp-json\/wp\/v2\/pages\/220\/revisions"}],"predecessor-version":[{"id":1005,"href":"https:\/\/le-clos-andre.com\/en\/wp-json\/wp\/v2\/pages\/220\/revisions\/1005"}],"wp:attachment":[{"href":"https:\/\/le-clos-andre.com\/en\/wp-json\/wp\/v2\/media?parent=220"}],"curies":[{"name":"wp","href":"https:\/\/api.w.org\/{rel}","templated":true}]}}