{"id":375,"date":"2024-07-12T11:27:17","date_gmt":"2024-07-12T09:27:17","guid":{"rendered":"https:\/\/le-clos-andre.com\/?page_id=375"},"modified":"2024-08-28T11:14:27","modified_gmt":"2024-08-28T09:14:27","slug":"les-notices-dutilisation","status":"publish","type":"page","link":"https:\/\/le-clos-andre.com\/en\/les-notices-dutilisation\/","title":{"rendered":"Les notices d&rsquo;utilisation"},"content":{"rendered":"<div data-elementor-type=\"wp-page\" data-elementor-id=\"375\" class=\"elementor elementor-375\">\n\t\t\t\t<div class=\"elementor-element elementor-element-5311967 e-flex e-con-boxed e-con e-parent\" data-id=\"5311967\" data-element_type=\"container\" data-e-type=\"container\">\n\t\t\t\t\t<div class=\"e-con-inner\">\n\t\t\t\t<div class=\"elementor-element elementor-element-51ce6c0 elementor-widget elementor-widget-text-editor\" data-id=\"51ce6c0\" data-element_type=\"widget\" data-e-type=\"widget\" data-widget_type=\"text-editor.default\">\n\t\t\t\t<div class=\"elementor-widget-container\">\n\t\t\t\t\t\t\t\t\t<p>Nous avons voulu vous proposer des faciliter votre installation en mettant ici \u00e0 votre disposition l&rsquo;ensemble des notices d&rsquo;utilisation de nos appareils \u00e9lectrom\u00e9nager. Ainsi, nous esp\u00e9rons que la qualit\u00e9 de votre exp\u00e9rience en sera am\u00e9lior\u00e9e.<\/p>\t\t\t\t\t\t\t\t<\/div>\n\t\t\t\t<\/div>\n\t\t\t\t\t<\/div>\n\t\t\t\t<\/div>\n\t\t<div class=\"elementor-element elementor-element-bae03d5 e-grid e-con-boxed e-con e-parent\" data-id=\"bae03d5\" data-element_type=\"container\" data-e-type=\"container\">\n\t\t\t\t\t<div class=\"e-con-inner\">\n\t\t\t\t<div class=\"elementor-element elementor-element-c37ed07 elementor-widget elementor-widget-text-editor\" data-id=\"c37ed07\" data-element_type=\"widget\" data-e-type=\"widget\" data-widget_type=\"text-editor.default\">\n\t\t\t\t<div class=\"elementor-widget-container\">\n\t\t\t\t\t\t\t\t\t<h5>La t\u00e9l\u00e9commande des splits de la pompe \u00e0 chaleur<\/h5>\t\t\t\t\t\t\t\t<\/div>\n\t\t\t\t<\/div>\n\t\t\t\t<div class=\"elementor-element elementor-element-b7720be elementor-align-center elementor-widget elementor-widget-button\" data-id=\"b7720be\" data-element_type=\"widget\" data-e-type=\"widget\" data-widget_type=\"button.default\">\n\t\t\t\t<div class=\"elementor-widget-container\">\n\t\t\t\t\t\t\t\t\t<div class=\"elementor-button-wrapper\">\n\t\t\t\t\t<a class=\"elementor-button elementor-button-link elementor-size-sm\" href=\"http:\/\/le-clos-andre.com\/wp-content\/uploads\/2024\/07\/Telecommande_split.pdf\" id=\"#573\">\n\t\t\t\t\t\t<span class=\"elementor-button-content-wrapper\">\n\t\t\t\t\t\t\t\t\t<span class=\"elementor-button-text\">T\u00e9l\u00e9charger la notice<\/span>\n\t\t\t\t\t<\/span>\n\t\t\t\t\t<\/a>\n\t\t\t\t<\/div>\n\t\t\t\t\t\t\t\t<\/div>\n\t\t\t\t<\/div>\n\t\t\t\t\t<\/div>\n\t\t\t\t<\/div>\n\t\t<div class=\"elementor-element elementor-element-5043212 e-grid e-con-boxed e-con e-parent\" data-id=\"5043212\" data-element_type=\"container\" data-e-type=\"container\">\n\t\t\t\t\t<div class=\"e-con-inner\">\n\t\t\t\t<div class=\"elementor-element elementor-element-e0b421a elementor-widget elementor-widget-text-editor\" data-id=\"e0b421a\" data-element_type=\"widget\" data-e-type=\"widget\" data-widget_type=\"text-editor.default\">\n\t\t\t\t<div class=\"elementor-widget-container\">\n\t\t\t\t\t\t\t\t\t<h5>Le r\u00e9frig\u00e9rateur-cong\u00e9lateur<\/h5>\t\t\t\t\t\t\t\t<\/div>\n\t\t\t\t<\/div>\n\t\t\t\t<div class=\"elementor-element elementor-element-55a5d1f elementor-align-center elementor-widget elementor-widget-button\" data-id=\"55a5d1f\" data-element_type=\"widget\" data-e-type=\"widget\" data-widget_type=\"button.default\">\n\t\t\t\t<div class=\"elementor-widget-container\">\n\t\t\t\t\t\t\t\t\t<div class=\"elementor-button-wrapper\">\n\t\t\t\t\t<a class=\"elementor-button elementor-button-link elementor-size-sm\" href=\"http:\/\/le-clos-andre.com\/wp-content\/uploads\/2024\/07\/Notice_refrigerateur-congelateur.pdf\" target=\"_blank\" id=\"639\">\n\t\t\t\t\t\t<span class=\"elementor-button-content-wrapper\">\n\t\t\t\t\t\t\t\t\t<span class=\"elementor-button-text\">T\u00e9l\u00e9charger la notice<\/span>\n\t\t\t\t\t<\/span>\n\t\t\t\t\t<\/a>\n\t\t\t\t<\/div>\n\t\t\t\t\t\t\t\t<\/div>\n\t\t\t\t<\/div>\n\t\t\t\t\t<\/div>\n\t\t\t\t<\/div>\n\t\t<div class=\"elementor-element elementor-element-4c1731f e-grid e-con-boxed e-con e-parent\" data-id=\"4c1731f\" data-element_type=\"container\" data-e-type=\"container\">\n\t\t\t\t\t<div class=\"e-con-inner\">\n\t\t\t\t<div class=\"elementor-element elementor-element-fea5a2a elementor-widget elementor-widget-text-editor\" data-id=\"fea5a2a\" data-element_type=\"widget\" data-e-type=\"widget\" data-widget_type=\"text-editor.default\">\n\t\t\t\t<div class=\"elementor-widget-container\">\n\t\t\t\t\t\t\t\t\t<h5>Le four<\/h5>\t\t\t\t\t\t\t\t<\/div>\n\t\t\t\t<\/div>\n\t\t\t\t<div class=\"elementor-element elementor-element-e016e49 elementor-align-center elementor-widget elementor-widget-button\" data-id=\"e016e49\" data-element_type=\"widget\" data-e-type=\"widget\" data-widget_type=\"button.default\">\n\t\t\t\t<div class=\"elementor-widget-container\">\n\t\t\t\t\t\t\t\t\t<div class=\"elementor-button-wrapper\">\n\t\t\t\t\t<a class=\"elementor-button elementor-button-link elementor-size-sm\" href=\"http:\/\/le-clos-andre.com\/wp-content\/uploads\/2024\/07\/Notice_Four.pdf\" target=\"_blank\">\n\t\t\t\t\t\t<span class=\"elementor-button-content-wrapper\">\n\t\t\t\t\t\t\t\t\t<span class=\"elementor-button-text\">T\u00e9l\u00e9charger la notice<\/span>\n\t\t\t\t\t<\/span>\n\t\t\t\t\t<\/a>\n\t\t\t\t<\/div>\n\t\t\t\t\t\t\t\t<\/div>\n\t\t\t\t<\/div>\n\t\t\t\t\t<\/div>\n\t\t\t\t<\/div>\n\t\t<div class=\"elementor-element elementor-element-242bbd2 e-grid e-con-boxed e-con e-parent\" data-id=\"242bbd2\" data-element_type=\"container\" data-e-type=\"container\">\n\t\t\t\t\t<div class=\"e-con-inner\">\n\t\t\t\t<div class=\"elementor-element elementor-element-5b1ce70 elementor-widget elementor-widget-text-editor\" data-id=\"5b1ce70\" data-element_type=\"widget\" data-e-type=\"widget\" data-widget_type=\"text-editor.default\">\n\t\t\t\t<div class=\"elementor-widget-container\">\n\t\t\t\t\t\t\t\t\t<h5>La plaque de cuisson<\/h5>\t\t\t\t\t\t\t\t<\/div>\n\t\t\t\t<\/div>\n\t\t\t\t<div class=\"elementor-element elementor-element-8147c8b elementor-align-center elementor-widget elementor-widget-button\" data-id=\"8147c8b\" data-element_type=\"widget\" data-e-type=\"widget\" data-widget_type=\"button.default\">\n\t\t\t\t<div class=\"elementor-widget-container\">\n\t\t\t\t\t\t\t\t\t<div class=\"elementor-button-wrapper\">\n\t\t\t\t\t<a class=\"elementor-button elementor-button-link elementor-size-sm\" href=\"http:\/\/le-clos-andre.com\/wp-content\/uploads\/2024\/07\/Notice_micro-ondes.pdf\" target=\"_blank\" id=\"637\">\n\t\t\t\t\t\t<span class=\"elementor-button-content-wrapper\">\n\t\t\t\t\t\t\t\t\t<span class=\"elementor-button-text\">T\u00e9l\u00e9charger la notice<\/span>\n\t\t\t\t\t<\/span>\n\t\t\t\t\t<\/a>\n\t\t\t\t<\/div>\n\t\t\t\t\t\t\t\t<\/div>\n\t\t\t\t<\/div>\n\t\t\t\t\t<\/div>\n\t\t\t\t<\/div>\n\t\t<div class=\"elementor-element elementor-element-dbfcb34 e-grid e-con-boxed e-con e-parent\" data-id=\"dbfcb34\" data-element_type=\"container\" data-e-type=\"container\">\n\t\t\t\t\t<div class=\"e-con-inner\">\n\t\t\t\t<div class=\"elementor-element elementor-element-adc1025 elementor-widget elementor-widget-text-editor\" data-id=\"adc1025\" data-element_type=\"widget\" data-e-type=\"widget\" data-widget_type=\"text-editor.default\">\n\t\t\t\t<div class=\"elementor-widget-container\">\n\t\t\t\t\t\t\t\t\t<h5>Le micro-onde<\/h5>\t\t\t\t\t\t\t\t<\/div>\n\t\t\t\t<\/div>\n\t\t\t\t<div class=\"elementor-element elementor-element-6ba9f86 elementor-align-center elementor-widget elementor-widget-button\" data-id=\"6ba9f86\" data-element_type=\"widget\" data-e-type=\"widget\" data-widget_type=\"button.default\">\n\t\t\t\t<div class=\"elementor-widget-container\">\n\t\t\t\t\t\t\t\t\t<div class=\"elementor-button-wrapper\">\n\t\t\t\t\t<a class=\"elementor-button elementor-button-link elementor-size-sm\" href=\"http:\/\/le-clos-andre.com\/wp-content\/uploads\/2024\/07\/Notice_micro-ondes.pdf\" target=\"_blank\" id=\"658\">\n\t\t\t\t\t\t<span class=\"elementor-button-content-wrapper\">\n\t\t\t\t\t\t\t\t\t<span class=\"elementor-button-text\">T\u00e9l\u00e9charger la notice<\/span>\n\t\t\t\t\t<\/span>\n\t\t\t\t\t<\/a>\n\t\t\t\t<\/div>\n\t\t\t\t\t\t\t\t<\/div>\n\t\t\t\t<\/div>\n\t\t\t\t\t<\/div>\n\t\t\t\t<\/div>\n\t\t<div class=\"elementor-element elementor-element-1bec3a0 e-grid e-con-boxed e-con e-parent\" data-id=\"1bec3a0\" data-element_type=\"container\" data-e-type=\"container\">\n\t\t\t\t\t<div class=\"e-con-inner\">\n\t\t\t\t<div class=\"elementor-element elementor-element-65c8e8b elementor-widget elementor-widget-text-editor\" data-id=\"65c8e8b\" data-element_type=\"widget\" data-e-type=\"widget\" data-widget_type=\"text-editor.default\">\n\t\t\t\t<div class=\"elementor-widget-container\">\n\t\t\t\t\t\t\t\t\t<h5>La hotte aspirante<\/h5>\t\t\t\t\t\t\t\t<\/div>\n\t\t\t\t<\/div>\n\t\t\t\t<div class=\"elementor-element elementor-element-45e15d6 elementor-align-center elementor-widget elementor-widget-button\" data-id=\"45e15d6\" data-element_type=\"widget\" data-e-type=\"widget\" data-widget_type=\"button.default\">\n\t\t\t\t<div class=\"elementor-widget-container\">\n\t\t\t\t\t\t\t\t\t<div class=\"elementor-button-wrapper\">\n\t\t\t\t\t<a class=\"elementor-button elementor-button-link elementor-size-sm\" href=\"http:\/\/le-clos-andre.com\/wp-content\/uploads\/2024\/07\/Notice_hotte.pdf\" target=\"_blank\" id=\"635\">\n\t\t\t\t\t\t<span class=\"elementor-button-content-wrapper\">\n\t\t\t\t\t\t\t\t\t<span class=\"elementor-button-text\">T\u00e9l\u00e9charger la notice<\/span>\n\t\t\t\t\t<\/span>\n\t\t\t\t\t<\/a>\n\t\t\t\t<\/div>\n\t\t\t\t\t\t\t\t<\/div>\n\t\t\t\t<\/div>\n\t\t\t\t\t<\/div>\n\t\t\t\t<\/div>\n\t\t<div class=\"elementor-element elementor-element-00e4d17 e-grid e-con-boxed e-con e-parent\" data-id=\"00e4d17\" data-element_type=\"container\" data-e-type=\"container\">\n\t\t\t\t\t<div class=\"e-con-inner\">\n\t\t\t\t<div class=\"elementor-element elementor-element-836bb5c elementor-widget elementor-widget-text-editor\" data-id=\"836bb5c\" data-element_type=\"widget\" data-e-type=\"widget\" data-widget_type=\"text-editor.default\">\n\t\t\t\t<div class=\"elementor-widget-container\">\n\t\t\t\t\t\t\t\t\t<h5>Le lave-vaisselle<\/h5>\t\t\t\t\t\t\t\t<\/div>\n\t\t\t\t<\/div>\n\t\t\t\t<div class=\"elementor-element elementor-element-e8e2748 elementor-align-center elementor-widget elementor-widget-button\" data-id=\"e8e2748\" data-element_type=\"widget\" data-e-type=\"widget\" data-widget_type=\"button.default\">\n\t\t\t\t<div class=\"elementor-widget-container\">\n\t\t\t\t\t\t\t\t\t<div class=\"elementor-button-wrapper\">\n\t\t\t\t\t<a class=\"elementor-button elementor-button-link elementor-size-sm\" href=\"http:\/\/le-clos-andre.com\/wp-content\/uploads\/2024\/07\/Notice_lave-vaisselle.pdf\" target=\"_blank\" id=\"642\">\n\t\t\t\t\t\t<span class=\"elementor-button-content-wrapper\">\n\t\t\t\t\t\t\t\t\t<span class=\"elementor-button-text\">T\u00e9l\u00e9charger la notice<\/span>\n\t\t\t\t\t<\/span>\n\t\t\t\t\t<\/a>\n\t\t\t\t<\/div>\n\t\t\t\t\t\t\t\t<\/div>\n\t\t\t\t<\/div>\n\t\t\t\t\t<\/div>\n\t\t\t\t<\/div>\n\t\t<div class=\"elementor-element elementor-element-31120b6 e-grid e-con-boxed e-con e-parent\" data-id=\"31120b6\" data-element_type=\"container\" data-e-type=\"container\">\n\t\t\t\t\t<div class=\"e-con-inner\">\n\t\t\t\t<div class=\"elementor-element elementor-element-b9ff901 elementor-widget elementor-widget-text-editor\" data-id=\"b9ff901\" data-element_type=\"widget\" data-e-type=\"widget\" data-widget_type=\"text-editor.default\">\n\t\t\t\t<div class=\"elementor-widget-container\">\n\t\t\t\t\t\t\t\t\t<h5>Le lave-linge<\/h5>\t\t\t\t\t\t\t\t<\/div>\n\t\t\t\t<\/div>\n\t\t\t\t<div class=\"elementor-element elementor-element-945f122 elementor-align-center elementor-widget elementor-widget-button\" data-id=\"945f122\" data-element_type=\"widget\" data-e-type=\"widget\" data-widget_type=\"button.default\">\n\t\t\t\t<div class=\"elementor-widget-container\">\n\t\t\t\t\t\t\t\t\t<div class=\"elementor-button-wrapper\">\n\t\t\t\t\t<a class=\"elementor-button elementor-button-link elementor-size-sm\" href=\"http:\/\/le-clos-andre.com\/wp-content\/uploads\/2024\/07\/Notice_lave-linge.pdf\" target=\"_blank\" id=\"636\">\n\t\t\t\t\t\t<span class=\"elementor-button-content-wrapper\">\n\t\t\t\t\t\t\t\t\t<span class=\"elementor-button-text\">T\u00e9l\u00e9charger la notice<\/span>\n\t\t\t\t\t<\/span>\n\t\t\t\t\t<\/a>\n\t\t\t\t<\/div>\n\t\t\t\t\t\t\t\t<\/div>\n\t\t\t\t<\/div>\n\t\t\t\t\t<\/div>\n\t\t\t\t<\/div>\n\t\t<div class=\"elementor-element elementor-element-933cfe3 e-grid e-con-boxed e-con e-parent\" data-id=\"933cfe3\" data-element_type=\"container\" data-e-type=\"container\">\n\t\t\t\t\t<div class=\"e-con-inner\">\n\t\t\t\t<div class=\"elementor-element elementor-element-89566b4 elementor-widget elementor-widget-text-editor\" data-id=\"89566b4\" data-element_type=\"widget\" data-e-type=\"widget\" data-widget_type=\"text-editor.default\">\n\t\t\t\t<div class=\"elementor-widget-container\">\n\t\t\t\t\t\t\t\t\t<h5>Le s\u00e8che-linge<\/h5>\t\t\t\t\t\t\t\t<\/div>\n\t\t\t\t<\/div>\n\t\t\t\t<div class=\"elementor-element elementor-element-80ca4b9 elementor-align-center elementor-widget elementor-widget-button\" data-id=\"80ca4b9\" data-element_type=\"widget\" data-e-type=\"widget\" data-widget_type=\"button.default\">\n\t\t\t\t<div class=\"elementor-widget-container\">\n\t\t\t\t\t\t\t\t\t<div class=\"elementor-button-wrapper\">\n\t\t\t\t\t<a class=\"elementor-button elementor-button-link elementor-size-sm\" href=\"http:\/\/le-clos-andre.com\/wp-content\/uploads\/2024\/07\/Notice_seche-linge.pdf\" target=\"_blank\">\n\t\t\t\t\t\t<span class=\"elementor-button-content-wrapper\">\n\t\t\t\t\t\t\t\t\t<span class=\"elementor-button-text\">T\u00e9l\u00e9charger la notice<\/span>\n\t\t\t\t\t<\/span>\n\t\t\t\t\t<\/a>\n\t\t\t\t<\/div>\n\t\t\t\t\t\t\t\t<\/div>\n\t\t\t\t<\/div>\n\t\t\t\t\t<\/div>\n\t\t\t\t<\/div>\n\t\t<div class=\"elementor-element elementor-element-12fdc83 e-grid e-con-boxed e-con e-parent\" data-id=\"12fdc83\" data-element_type=\"container\" data-e-type=\"container\">\n\t\t\t\t\t<div class=\"e-con-inner\">\n\t\t\t\t<div class=\"elementor-element elementor-element-35ede65 elementor-widget elementor-widget-text-editor\" data-id=\"35ede65\" data-element_type=\"widget\" data-e-type=\"widget\" data-widget_type=\"text-editor.default\">\n\t\t\t\t<div class=\"elementor-widget-container\">\n\t\t\t\t\t\t\t\t\t<h5>Le s\u00e8che-serviettes de la grande salle de bain<\/h5>\t\t\t\t\t\t\t\t<\/div>\n\t\t\t\t<\/div>\n\t\t\t\t<div class=\"elementor-element elementor-element-e991658 elementor-align-center elementor-widget elementor-widget-button\" data-id=\"e991658\" data-element_type=\"widget\" data-e-type=\"widget\" data-widget_type=\"button.default\">\n\t\t\t\t<div class=\"elementor-widget-container\">\n\t\t\t\t\t\t\t\t\t<div class=\"elementor-button-wrapper\">\n\t\t\t\t\t<a class=\"elementor-button elementor-button-link elementor-size-sm\" href=\"http:\/\/le-clos-andre.com\/wp-content\/uploads\/2024\/07\/Notice_seches-serviettes-grande-SDE-RDC.pdf\" target=\"_blank\" id=\"674\">\n\t\t\t\t\t\t<span class=\"elementor-button-content-wrapper\">\n\t\t\t\t\t\t\t\t\t<span class=\"elementor-button-text\">T\u00e9l\u00e9charger la notice<\/span>\n\t\t\t\t\t<\/span>\n\t\t\t\t\t<\/a>\n\t\t\t\t<\/div>\n\t\t\t\t\t\t\t\t<\/div>\n\t\t\t\t<\/div>\n\t\t\t\t\t<\/div>\n\t\t\t\t<\/div>\n\t\t<div class=\"elementor-element elementor-element-983c030 e-grid e-con-boxed e-con e-parent\" data-id=\"983c030\" data-element_type=\"container\" data-e-type=\"container\">\n\t\t\t\t\t<div class=\"e-con-inner\">\n\t\t\t\t<div class=\"elementor-element elementor-element-4c1dd94 elementor-widget elementor-widget-text-editor\" data-id=\"4c1dd94\" data-element_type=\"widget\" data-e-type=\"widget\" data-widget_type=\"text-editor.default\">\n\t\t\t\t<div class=\"elementor-widget-container\">\n\t\t\t\t\t\t\t\t\t<h5>Le s\u00e8che-serviette de la petite salle de bain (RDC)<\/h5>\t\t\t\t\t\t\t\t<\/div>\n\t\t\t\t<\/div>\n\t\t\t\t<div class=\"elementor-element elementor-element-682f3a5 elementor-align-center elementor-widget elementor-widget-button\" data-id=\"682f3a5\" data-element_type=\"widget\" data-e-type=\"widget\" data-widget_type=\"button.default\">\n\t\t\t\t<div class=\"elementor-widget-container\">\n\t\t\t\t\t\t\t\t\t<div class=\"elementor-button-wrapper\">\n\t\t\t\t\t<a class=\"elementor-button elementor-button-link elementor-size-sm\" href=\"http:\/\/le-clos-andre.com\/wp-content\/uploads\/2024\/07\/Notice_seches-serviettes-SDE-RDC.pdf\" target=\"_blank\" id=\"679\">\n\t\t\t\t\t\t<span class=\"elementor-button-content-wrapper\">\n\t\t\t\t\t\t\t\t\t<span class=\"elementor-button-text\">T\u00e9l\u00e9charger la notice<\/span>\n\t\t\t\t\t<\/span>\n\t\t\t\t\t<\/a>\n\t\t\t\t<\/div>\n\t\t\t\t\t\t\t\t<\/div>\n\t\t\t\t<\/div>\n\t\t\t\t\t<\/div>\n\t\t\t\t<\/div>\n\t\t<div class=\"elementor-element elementor-element-cc08b81 e-grid e-con-boxed e-con e-parent\" data-id=\"cc08b81\" data-element_type=\"container\" data-e-type=\"container\">\n\t\t\t\t\t<div class=\"e-con-inner\">\n\t\t\t\t<div class=\"elementor-element elementor-element-6a4417e elementor-widget elementor-widget-text-editor\" data-id=\"6a4417e\" data-element_type=\"widget\" data-e-type=\"widget\" data-widget_type=\"text-editor.default\">\n\t\t\t\t<div class=\"elementor-widget-container\">\n\t\t\t\t\t\t\t\t\t<h5>Le s\u00e8che-serviettes de la salle de bain de l&rsquo;\u00e9tage<\/h5>\t\t\t\t\t\t\t\t<\/div>\n\t\t\t\t<\/div>\n\t\t\t\t<div class=\"elementor-element elementor-element-776bba8 elementor-align-center elementor-widget elementor-widget-button\" data-id=\"776bba8\" data-element_type=\"widget\" data-e-type=\"widget\" data-widget_type=\"button.default\">\n\t\t\t\t<div class=\"elementor-widget-container\">\n\t\t\t\t\t\t\t\t\t<div class=\"elementor-button-wrapper\">\n\t\t\t\t\t<a class=\"elementor-button elementor-button-link elementor-size-sm\" href=\"http:\/\/le-clos-andre.com\/wp-content\/uploads\/2024\/07\/Notice_seches-serviettes-SDE-etage.pdf\" target=\"_blank\" id=\"681\">\n\t\t\t\t\t\t<span class=\"elementor-button-content-wrapper\">\n\t\t\t\t\t\t\t\t\t<span class=\"elementor-button-text\">T\u00e9l\u00e9charger la notice<\/span>\n\t\t\t\t\t<\/span>\n\t\t\t\t\t<\/a>\n\t\t\t\t<\/div>\n\t\t\t\t\t\t\t\t<\/div>\n\t\t\t\t<\/div>\n\t\t\t\t\t<\/div>\n\t\t\t\t<\/div>\n\t\t\t\t<\/div>","protected":false},"excerpt":{"rendered":"<p>Nous avons voulu vous proposer des faciliter votre installation en mettant ici \u00e0 votre disposition l&rsquo;ensemble des notices d&rsquo;utilisation de nos appareils \u00e9lectrom\u00e9nager. Ainsi, nous esp\u00e9rons que la qualit\u00e9 de votre exp\u00e9rience en sera am\u00e9lior\u00e9e. La t\u00e9l\u00e9commande des splits de la pompe \u00e0 chaleur T\u00e9l\u00e9charger la notice Le r\u00e9frig\u00e9rateur-cong\u00e9lateur T\u00e9l\u00e9charger la notice Le four T\u00e9l\u00e9charger [&hellip;]<\/p>\n","protected":false},"author":1,"featured_media":0,"parent":0,"menu_order":0,"comment_status":"closed","ping_status":"closed","template":"","meta":{"footnotes":""},"class_list":["post-375","page","type-page","status-publish","hentry"],"yoast_head":"<!-- This site is optimized with the Yoast SEO plugin v27.4 - https:\/\/yoast.com\/product\/yoast-seo-wordpress\/ -->\n<title>Les notices d&#039;utilisation - Le Clos Andr\u00e9<\/title>\n<meta name=\"robots\" content=\"index, follow, max-snippet:-1, max-image-preview:large, max-video-preview:-1\" \/>\n<link rel=\"canonical\" href=\"https:\/\/le-clos-andre.com\/en\/les-notices-dutilisation\/\" \/>\n<meta property=\"og:locale\" content=\"en_GB\" \/>\n<meta property=\"og:type\" content=\"article\" \/>\n<meta property=\"og:title\" content=\"Les notices d&#039;utilisation - Le Clos Andr\u00e9\" \/>\n<meta property=\"og:description\" content=\"Nous avons voulu vous proposer des faciliter votre installation en mettant ici \u00e0 votre disposition l&rsquo;ensemble des notices d&rsquo;utilisation de nos appareils \u00e9lectrom\u00e9nager. Ainsi, nous esp\u00e9rons que la qualit\u00e9 de votre exp\u00e9rience en sera am\u00e9lior\u00e9e. La t\u00e9l\u00e9commande des splits de la pompe \u00e0 chaleur T\u00e9l\u00e9charger la notice Le r\u00e9frig\u00e9rateur-cong\u00e9lateur T\u00e9l\u00e9charger la notice Le four T\u00e9l\u00e9charger [&hellip;]\" \/>\n<meta property=\"og:url\" content=\"https:\/\/le-clos-andre.com\/en\/les-notices-dutilisation\/\" \/>\n<meta property=\"og:site_name\" content=\"Le Clos Andr\u00e9\" \/>\n<meta property=\"article:modified_time\" content=\"2024-08-28T09:14:27+00:00\" \/>\n<meta name=\"twitter:card\" content=\"summary_large_image\" \/>\n<meta name=\"twitter:label1\" content=\"Estimated reading time\" \/>\n\t<meta name=\"twitter:data1\" content=\"1 minute\" \/>\n<script type=\"application\/ld+json\" class=\"yoast-schema-graph\">{\"@context\":\"https:\\\/\\\/schema.org\",\"@graph\":[{\"@type\":\"WebPage\",\"@id\":\"https:\\\/\\\/le-clos-andre.com\\\/les-notices-dutilisation\\\/\",\"url\":\"https:\\\/\\\/le-clos-andre.com\\\/les-notices-dutilisation\\\/\",\"name\":\"Les notices d'utilisation - Le Clos Andr\u00e9\",\"isPartOf\":{\"@id\":\"https:\\\/\\\/le-clos-andre.com\\\/#website\"},\"datePublished\":\"2024-07-12T09:27:17+00:00\",\"dateModified\":\"2024-08-28T09:14:27+00:00\",\"breadcrumb\":{\"@id\":\"https:\\\/\\\/le-clos-andre.com\\\/les-notices-dutilisation\\\/#breadcrumb\"},\"inLanguage\":\"en-GB\",\"potentialAction\":[{\"@type\":\"ReadAction\",\"target\":[\"https:\\\/\\\/le-clos-andre.com\\\/les-notices-dutilisation\\\/\"]}]},{\"@type\":\"BreadcrumbList\",\"@id\":\"https:\\\/\\\/le-clos-andre.com\\\/les-notices-dutilisation\\\/#breadcrumb\",\"itemListElement\":[{\"@type\":\"ListItem\",\"position\":1,\"name\":\"Accueil\",\"item\":\"https:\\\/\\\/le-clos-andre.com\\\/\"},{\"@type\":\"ListItem\",\"position\":2,\"name\":\"Les notices d&rsquo;utilisation\"}]},{\"@type\":\"WebSite\",\"@id\":\"https:\\\/\\\/le-clos-andre.com\\\/#website\",\"url\":\"https:\\\/\\\/le-clos-andre.com\\\/\",\"name\":\"Clos Andr\u00e9\",\"description\":\"\",\"publisher\":{\"@id\":\"https:\\\/\\\/le-clos-andre.com\\\/#organization\"},\"potentialAction\":[{\"@type\":\"SearchAction\",\"target\":{\"@type\":\"EntryPoint\",\"urlTemplate\":\"https:\\\/\\\/le-clos-andre.com\\\/?s={search_term_string}\"},\"query-input\":{\"@type\":\"PropertyValueSpecification\",\"valueRequired\":true,\"valueName\":\"search_term_string\"}}],\"inLanguage\":\"en-GB\"},{\"@type\":\"Organization\",\"@id\":\"https:\\\/\\\/le-clos-andre.com\\\/#organization\",\"name\":\"Massande\",\"url\":\"https:\\\/\\\/le-clos-andre.com\\\/\",\"logo\":{\"@type\":\"ImageObject\",\"inLanguage\":\"en-GB\",\"@id\":\"https:\\\/\\\/le-clos-andre.com\\\/#\\\/schema\\\/logo\\\/image\\\/\",\"url\":\"https:\\\/\\\/le-clos-andre.com\\\/wp-content\\\/uploads\\\/2025\\\/09\\\/cropped-home-real-estate-home-design-logo.png\",\"contentUrl\":\"https:\\\/\\\/le-clos-andre.com\\\/wp-content\\\/uploads\\\/2025\\\/09\\\/cropped-home-real-estate-home-design-logo.png\",\"width\":224,\"height\":190,\"caption\":\"Massande\"},\"image\":{\"@id\":\"https:\\\/\\\/le-clos-andre.com\\\/#\\\/schema\\\/logo\\\/image\\\/\"}}]}<\/script>\n<!-- \/ Yoast SEO plugin. -->","yoast_head_json":{"title":"Les notices d'utilisation - Le Clos Andr\u00e9","robots":{"index":"index","follow":"follow","max-snippet":"max-snippet:-1","max-image-preview":"max-image-preview:large","max-video-preview":"max-video-preview:-1"},"canonical":"https:\/\/le-clos-andre.com\/en\/les-notices-dutilisation\/","og_locale":"en_GB","og_type":"article","og_title":"Les notices d'utilisation - Le Clos Andr\u00e9","og_description":"Nous avons voulu vous proposer des faciliter votre installation en mettant ici \u00e0 votre disposition l&rsquo;ensemble des notices d&rsquo;utilisation de nos appareils \u00e9lectrom\u00e9nager. Ainsi, nous esp\u00e9rons que la qualit\u00e9 de votre exp\u00e9rience en sera am\u00e9lior\u00e9e. La t\u00e9l\u00e9commande des splits de la pompe \u00e0 chaleur T\u00e9l\u00e9charger la notice Le r\u00e9frig\u00e9rateur-cong\u00e9lateur T\u00e9l\u00e9charger la notice Le four T\u00e9l\u00e9charger [&hellip;]","og_url":"https:\/\/le-clos-andre.com\/en\/les-notices-dutilisation\/","og_site_name":"Le Clos Andr\u00e9","article_modified_time":"2024-08-28T09:14:27+00:00","twitter_card":"summary_large_image","twitter_misc":{"Estimated reading time":"1 minute"},"schema":{"@context":"https:\/\/schema.org","@graph":[{"@type":"WebPage","@id":"https:\/\/le-clos-andre.com\/les-notices-dutilisation\/","url":"https:\/\/le-clos-andre.com\/les-notices-dutilisation\/","name":"Les notices d'utilisation - Le Clos Andr\u00e9","isPartOf":{"@id":"https:\/\/le-clos-andre.com\/#website"},"datePublished":"2024-07-12T09:27:17+00:00","dateModified":"2024-08-28T09:14:27+00:00","breadcrumb":{"@id":"https:\/\/le-clos-andre.com\/les-notices-dutilisation\/#breadcrumb"},"inLanguage":"en-GB","potentialAction":[{"@type":"ReadAction","target":["https:\/\/le-clos-andre.com\/les-notices-dutilisation\/"]}]},{"@type":"BreadcrumbList","@id":"https:\/\/le-clos-andre.com\/les-notices-dutilisation\/#breadcrumb","itemListElement":[{"@type":"ListItem","position":1,"name":"Accueil","item":"https:\/\/le-clos-andre.com\/"},{"@type":"ListItem","position":2,"name":"Les notices d&rsquo;utilisation"}]},{"@type":"WebSite","@id":"https:\/\/le-clos-andre.com\/#website","url":"https:\/\/le-clos-andre.com\/","name":"Clos Andr\u00e9","description":"","publisher":{"@id":"https:\/\/le-clos-andre.com\/#organization"},"potentialAction":[{"@type":"SearchAction","target":{"@type":"EntryPoint","urlTemplate":"https:\/\/le-clos-andre.com\/?s={search_term_string}"},"query-input":{"@type":"PropertyValueSpecification","valueRequired":true,"valueName":"search_term_string"}}],"inLanguage":"en-GB"},{"@type":"Organization","@id":"https:\/\/le-clos-andre.com\/#organization","name":"Massande","url":"https:\/\/le-clos-andre.com\/","logo":{"@type":"ImageObject","inLanguage":"en-GB","@id":"https:\/\/le-clos-andre.com\/#\/schema\/logo\/image\/","url":"https:\/\/le-clos-andre.com\/wp-content\/uploads\/2025\/09\/cropped-home-real-estate-home-design-logo.png","contentUrl":"https:\/\/le-clos-andre.com\/wp-content\/uploads\/2025\/09\/cropped-home-real-estate-home-design-logo.png","width":224,"height":190,"caption":"Massande"},"image":{"@id":"https:\/\/le-clos-andre.com\/#\/schema\/logo\/image\/"}}]}},"_links":{"self":[{"href":"https:\/\/le-clos-andre.com\/en\/wp-json\/wp\/v2\/pages\/375","targetHints":{"allow":["GET"]}}],"collection":[{"href":"https:\/\/le-clos-andre.com\/en\/wp-json\/wp\/v2\/pages"}],"about":[{"href":"https:\/\/le-clos-andre.com\/en\/wp-json\/wp\/v2\/types\/page"}],"author":[{"embeddable":true,"href":"https:\/\/le-clos-andre.com\/en\/wp-json\/wp\/v2\/users\/1"}],"replies":[{"embeddable":true,"href":"https:\/\/le-clos-andre.com\/en\/wp-json\/wp\/v2\/comments?post=375"}],"version-history":[{"count":220,"href":"https:\/\/le-clos-andre.com\/en\/wp-json\/wp\/v2\/pages\/375\/revisions"}],"predecessor-version":[{"id":792,"href":"https:\/\/le-clos-andre.com\/en\/wp-json\/wp\/v2\/pages\/375\/revisions\/792"}],"wp:attachment":[{"href":"https:\/\/le-clos-andre.com\/en\/wp-json\/wp\/v2\/media?parent=375"}],"curies":[{"name":"wp","href":"https:\/\/api.w.org\/{rel}","templated":true}]}}