{"id":407,"date":"2024-07-12T12:23:47","date_gmt":"2024-07-12T10:23:47","guid":{"rendered":"https:\/\/le-clos-andre.com\/?page_id=407"},"modified":"2025-09-29T15:18:34","modified_gmt":"2025-09-29T13:18:34","slug":"reservations","status":"publish","type":"page","link":"https:\/\/le-clos-andre.com\/en\/reservations\/","title":{"rendered":"R\u00e9servations"},"content":{"rendered":"<div data-elementor-type=\"wp-page\" data-elementor-id=\"407\" class=\"elementor elementor-407\">\n\t\t\t\t<div class=\"elementor-element elementor-element-c0352d4 e-flex e-con-boxed e-con e-parent\" data-id=\"c0352d4\" data-element_type=\"container\" data-e-type=\"container\">\n\t\t\t\t\t<div class=\"e-con-inner\">\n\t\t\t\t<div class=\"elementor-element elementor-element-cd90014 elementor-widget elementor-widget-heading\" data-id=\"cd90014\" data-element_type=\"widget\" data-e-type=\"widget\" data-widget_type=\"heading.default\">\n\t\t\t\t<div class=\"elementor-widget-container\">\n\t\t\t\t\t<h2 class=\"elementor-heading-title elementor-size-default\">R\u00e9servez le Clos au format que vous voulez<\/h2>\t\t\t\t<\/div>\n\t\t\t\t<\/div>\n\t\t\t\t\t<\/div>\n\t\t\t\t<\/div>\n\t\t<div class=\"elementor-element elementor-element-23f2a63 e-flex e-con-boxed e-con e-parent\" data-id=\"23f2a63\" data-element_type=\"container\" data-e-type=\"container\">\n\t\t\t\t\t<div class=\"e-con-inner\">\n\t\t\t\t<div class=\"elementor-element elementor-element-e0e387a elementor-widget elementor-widget-html\" data-id=\"e0e387a\" data-element_type=\"widget\" data-e-type=\"widget\" data-widget_type=\"html.default\">\n\t\t\t\t<div class=\"elementor-widget-container\">\n\t\t\t\t\t<iframe id=\"bookingengine\" style=\"display: block;\" src=\"\" width=\"100%\" height=\"5500\" frameborder=\"0\" scrolling=\"no\" allowfullscreen=\"allowfullscreen\"><\/iframe>\r\n<script>\r\nvar webKey = \"TC5MQA2cdwm71BYRD7n2mHCGh\";\r\nvar url = new URL(window.location.href);\r\nvar appart = url.searchParams.get(\"appart\");\r\nvar checkin = url.searchParams.get(\"checkin\");\r\nvar checkout = url.searchParams.get(\"checkout\");\r\nvar adults = url.searchParams.get(\"adults\");\r\nvar children = url.searchParams.get(\"children\");\r\nvar lang = url.searchParams.get(\"lang\");\r\nif(lang == null)\r\n    lang = \"fr\";\r\nif(appart == null) {\r\nvar iframeUrl = \"https:\/\/app.superhote.com\/#\/get-available-rentals\/\"+webKey+\"?startDate=\" + checkin + \"&endDate=\" + checkout + \"&adultsNumber=\" + adults + \"&childrenNumber=\" + children + \"&lang=\" + lang;\r\nif(checkin == null) iframeUrl = \"https:\/\/app.superhote.com\/#\/get-available-rentals\/\" + webKey + \"?lang=\" + lang;\r\ndocument.getElementById('bookingengine').src = iframeUrl;\r\n} else {\r\nvar iframeUrl = \"https:\/\/app.superhote.com\/#\/rental\/\" + appart + \"?lang=\" + lang;\r\ndocument.getElementById('bookingengine').src = iframeUrl;\r\n} <\/script>\t\t\t\t<\/div>\n\t\t\t\t<\/div>\n\t\t\t\t\t<\/div>\n\t\t\t\t<\/div>\n\t\t\t\t<\/div>","protected":false},"excerpt":{"rendered":"<p>R\u00e9servez le Clos au format que vous voulez<\/p>","protected":false},"author":1,"featured_media":0,"parent":0,"menu_order":0,"comment_status":"closed","ping_status":"closed","template":"","meta":{"footnotes":""},"class_list":["post-407","page","type-page","status-publish","hentry"],"yoast_head":"<!-- This site is optimized with the Yoast SEO plugin v27.4 - https:\/\/yoast.com\/product\/yoast-seo-wordpress\/ -->\n<title>R\u00e9servations - Le Clos Andr\u00e9<\/title>\n<meta name=\"robots\" content=\"index, follow, max-snippet:-1, max-image-preview:large, max-video-preview:-1\" \/>\n<link rel=\"canonical\" href=\"https:\/\/le-clos-andre.com\/en\/reservations\/\" \/>\n<meta property=\"og:locale\" content=\"en_GB\" \/>\n<meta property=\"og:type\" content=\"article\" \/>\n<meta property=\"og:title\" content=\"R\u00e9servations - Le Clos Andr\u00e9\" \/>\n<meta property=\"og:description\" content=\"R\u00e9servez le Clos au format que vous voulez\" \/>\n<meta property=\"og:url\" content=\"https:\/\/le-clos-andre.com\/en\/reservations\/\" \/>\n<meta property=\"og:site_name\" content=\"Le Clos Andr\u00e9\" \/>\n<meta property=\"article:modified_time\" content=\"2025-09-29T13:18:34+00:00\" \/>\n<meta name=\"twitter:card\" content=\"summary_large_image\" \/>\n<meta name=\"twitter:label1\" content=\"Estimated reading time\" \/>\n\t<meta name=\"twitter:data1\" content=\"1 minute\" \/>\n<script type=\"application\/ld+json\" class=\"yoast-schema-graph\">{\"@context\":\"https:\\\/\\\/schema.org\",\"@graph\":[{\"@type\":\"WebPage\",\"@id\":\"https:\\\/\\\/le-clos-andre.com\\\/reservations\\\/\",\"url\":\"https:\\\/\\\/le-clos-andre.com\\\/reservations\\\/\",\"name\":\"R\u00e9servations - Le Clos Andr\u00e9\",\"isPartOf\":{\"@id\":\"https:\\\/\\\/le-clos-andre.com\\\/#website\"},\"datePublished\":\"2024-07-12T10:23:47+00:00\",\"dateModified\":\"2025-09-29T13:18:34+00:00\",\"breadcrumb\":{\"@id\":\"https:\\\/\\\/le-clos-andre.com\\\/reservations\\\/#breadcrumb\"},\"inLanguage\":\"en-GB\",\"potentialAction\":[{\"@type\":\"ReadAction\",\"target\":[\"https:\\\/\\\/le-clos-andre.com\\\/reservations\\\/\"]}]},{\"@type\":\"BreadcrumbList\",\"@id\":\"https:\\\/\\\/le-clos-andre.com\\\/reservations\\\/#breadcrumb\",\"itemListElement\":[{\"@type\":\"ListItem\",\"position\":1,\"name\":\"Accueil\",\"item\":\"https:\\\/\\\/le-clos-andre.com\\\/\"},{\"@type\":\"ListItem\",\"position\":2,\"name\":\"R\u00e9servations\"}]},{\"@type\":\"WebSite\",\"@id\":\"https:\\\/\\\/le-clos-andre.com\\\/#website\",\"url\":\"https:\\\/\\\/le-clos-andre.com\\\/\",\"name\":\"Clos Andr\u00e9\",\"description\":\"\",\"publisher\":{\"@id\":\"https:\\\/\\\/le-clos-andre.com\\\/#organization\"},\"potentialAction\":[{\"@type\":\"SearchAction\",\"target\":{\"@type\":\"EntryPoint\",\"urlTemplate\":\"https:\\\/\\\/le-clos-andre.com\\\/?s={search_term_string}\"},\"query-input\":{\"@type\":\"PropertyValueSpecification\",\"valueRequired\":true,\"valueName\":\"search_term_string\"}}],\"inLanguage\":\"en-GB\"},{\"@type\":\"Organization\",\"@id\":\"https:\\\/\\\/le-clos-andre.com\\\/#organization\",\"name\":\"Massande\",\"url\":\"https:\\\/\\\/le-clos-andre.com\\\/\",\"logo\":{\"@type\":\"ImageObject\",\"inLanguage\":\"en-GB\",\"@id\":\"https:\\\/\\\/le-clos-andre.com\\\/#\\\/schema\\\/logo\\\/image\\\/\",\"url\":\"https:\\\/\\\/le-clos-andre.com\\\/wp-content\\\/uploads\\\/2025\\\/09\\\/cropped-home-real-estate-home-design-logo.png\",\"contentUrl\":\"https:\\\/\\\/le-clos-andre.com\\\/wp-content\\\/uploads\\\/2025\\\/09\\\/cropped-home-real-estate-home-design-logo.png\",\"width\":224,\"height\":190,\"caption\":\"Massande\"},\"image\":{\"@id\":\"https:\\\/\\\/le-clos-andre.com\\\/#\\\/schema\\\/logo\\\/image\\\/\"}}]}<\/script>\n<!-- \/ Yoast SEO plugin. -->","yoast_head_json":{"title":"R\u00e9servations - Le Clos Andr\u00e9","robots":{"index":"index","follow":"follow","max-snippet":"max-snippet:-1","max-image-preview":"max-image-preview:large","max-video-preview":"max-video-preview:-1"},"canonical":"https:\/\/le-clos-andre.com\/en\/reservations\/","og_locale":"en_GB","og_type":"article","og_title":"R\u00e9servations - Le Clos Andr\u00e9","og_description":"R\u00e9servez le Clos au format que vous voulez","og_url":"https:\/\/le-clos-andre.com\/en\/reservations\/","og_site_name":"Le Clos Andr\u00e9","article_modified_time":"2025-09-29T13:18:34+00:00","twitter_card":"summary_large_image","twitter_misc":{"Estimated reading time":"1 minute"},"schema":{"@context":"https:\/\/schema.org","@graph":[{"@type":"WebPage","@id":"https:\/\/le-clos-andre.com\/reservations\/","url":"https:\/\/le-clos-andre.com\/reservations\/","name":"R\u00e9servations - Le Clos Andr\u00e9","isPartOf":{"@id":"https:\/\/le-clos-andre.com\/#website"},"datePublished":"2024-07-12T10:23:47+00:00","dateModified":"2025-09-29T13:18:34+00:00","breadcrumb":{"@id":"https:\/\/le-clos-andre.com\/reservations\/#breadcrumb"},"inLanguage":"en-GB","potentialAction":[{"@type":"ReadAction","target":["https:\/\/le-clos-andre.com\/reservations\/"]}]},{"@type":"BreadcrumbList","@id":"https:\/\/le-clos-andre.com\/reservations\/#breadcrumb","itemListElement":[{"@type":"ListItem","position":1,"name":"Accueil","item":"https:\/\/le-clos-andre.com\/"},{"@type":"ListItem","position":2,"name":"R\u00e9servations"}]},{"@type":"WebSite","@id":"https:\/\/le-clos-andre.com\/#website","url":"https:\/\/le-clos-andre.com\/","name":"Clos Andr\u00e9","description":"","publisher":{"@id":"https:\/\/le-clos-andre.com\/#organization"},"potentialAction":[{"@type":"SearchAction","target":{"@type":"EntryPoint","urlTemplate":"https:\/\/le-clos-andre.com\/?s={search_term_string}"},"query-input":{"@type":"PropertyValueSpecification","valueRequired":true,"valueName":"search_term_string"}}],"inLanguage":"en-GB"},{"@type":"Organization","@id":"https:\/\/le-clos-andre.com\/#organization","name":"Massande","url":"https:\/\/le-clos-andre.com\/","logo":{"@type":"ImageObject","inLanguage":"en-GB","@id":"https:\/\/le-clos-andre.com\/#\/schema\/logo\/image\/","url":"https:\/\/le-clos-andre.com\/wp-content\/uploads\/2025\/09\/cropped-home-real-estate-home-design-logo.png","contentUrl":"https:\/\/le-clos-andre.com\/wp-content\/uploads\/2025\/09\/cropped-home-real-estate-home-design-logo.png","width":224,"height":190,"caption":"Massande"},"image":{"@id":"https:\/\/le-clos-andre.com\/#\/schema\/logo\/image\/"}}]}},"_links":{"self":[{"href":"https:\/\/le-clos-andre.com\/en\/wp-json\/wp\/v2\/pages\/407","targetHints":{"allow":["GET"]}}],"collection":[{"href":"https:\/\/le-clos-andre.com\/en\/wp-json\/wp\/v2\/pages"}],"about":[{"href":"https:\/\/le-clos-andre.com\/en\/wp-json\/wp\/v2\/types\/page"}],"author":[{"embeddable":true,"href":"https:\/\/le-clos-andre.com\/en\/wp-json\/wp\/v2\/users\/1"}],"replies":[{"embeddable":true,"href":"https:\/\/le-clos-andre.com\/en\/wp-json\/wp\/v2\/comments?post=407"}],"version-history":[{"count":34,"href":"https:\/\/le-clos-andre.com\/en\/wp-json\/wp\/v2\/pages\/407\/revisions"}],"predecessor-version":[{"id":1061,"href":"https:\/\/le-clos-andre.com\/en\/wp-json\/wp\/v2\/pages\/407\/revisions\/1061"}],"wp:attachment":[{"href":"https:\/\/le-clos-andre.com\/en\/wp-json\/wp\/v2\/media?parent=407"}],"curies":[{"name":"wp","href":"https:\/\/api.w.org\/{rel}","templated":true}]}}