{"id":51,"date":"2024-05-13T16:22:30","date_gmt":"2024-05-13T14:22:30","guid":{"rendered":"https:\/\/le-clos-andre.com\/index.php\/home\/"},"modified":"2026-04-10T06:48:18","modified_gmt":"2026-04-10T04:48:18","slug":"home","status":"publish","type":"page","link":"https:\/\/le-clos-andre.com\/en\/","title":{"rendered":"Accueil"},"content":{"rendered":"<p>Le Clos d\u2019Andr\u00e9 vous propose un accueil pour 10 personnes adultes et enfants sur la commune de Thoury dans le Loir-et-Cher (41). <\/p>\n\n\n\n<p>La maison se compose d&rsquo;un grand espace de vie circulant de plus de 50 m\u00b2 o\u00f9 vous pourrez partager d&rsquo;excellents moments de convivialit\u00e9 en famille ou entre amis. Il nous a sembl\u00e9 \u00e9vident de mettre en avant le caract\u00e8re solognot de la demeure; aussi, vous y trouverez un belle et grande chemin\u00e9e ouverte, de jolies poutres et une grande cuisine moderne. Vous pourrez vous adonner \u00e0 la pr\u00e9paration de bons plats \u00e0 partager dans une vaste cuisine totalement \u00e9quip\u00e9e et respectant soigneusement l\u2019esprit campagne agr\u00e9able que nous avons voulu.<\/p>\n\n\n\n<p>Au rez-de-chauss\u00e9e, se trouvent \u00e9galement trois belles chambres et deux salles d&rsquo;eau, ainsi qu&rsquo;un espace buanderie. Une literie de qualit\u00e9 vous permettra de vous reposer dans ce village calme, mais ouvert.<\/p>\n\n\n\n<p>A l\u2019\u00e9tage un vaste salon pour partager des moments chaleureux et qu\u2019il n\u2019appartient qu\u2019\u00e0 vous de rendre m\u00e9morables. Deux chambres et une salle de bain compl\u00e8tent l\u2019\u00e9tage.<\/p>\n\n\n\n<p>Vous profiterez \u00e9galement d\u2019un grand jardin agr\u00e9ment\u00e9, partiellement ombrag\u00e9. Aux beaux jours, vous pourrez y d\u00e9jeuner ou y diner. Vous aurez aussi la possibilit\u00e9 de profiter de l&rsquo;espace pour y jouer ou simplement vous reposer.<\/p>","protected":false},"excerpt":{"rendered":"<p>Le Clos d\u2019Andr\u00e9 vous propose un accueil pour 10 personnes adultes et enfants sur la commune de Thoury dans le Loir-et-Cher (41). La maison se compose d&rsquo;un grand espace de vie circulant de plus de 50 m\u00b2 o\u00f9 vous pourrez partager d&rsquo;excellents moments de convivialit\u00e9 en famille ou entre amis. Il nous a sembl\u00e9 \u00e9vident [&hellip;]<\/p>\n","protected":false},"author":1,"featured_media":0,"parent":0,"menu_order":0,"comment_status":"closed","ping_status":"closed","template":"templates\/template-homepage.php","meta":{"footnotes":""},"class_list":["post-51","page","type-page","status-publish","hentry"],"yoast_head":"<!-- This site is optimized with the Yoast SEO plugin v27.5 - https:\/\/yoast.com\/product\/yoast-seo-wordpress\/ -->\n<title>Accueil - Le Clos Andr\u00e9<\/title>\n<meta name=\"description\" content=\"Le Clos-Andr\u00e9 vous accueil \u00e0 proximit\u00e9 du Ch\u00e2teau de Chambord. Vous pourrez y \u00eatre h\u00e9berg\u00e9s jusqu&#039;\u00e0 10 personnes.,\" \/>\n<meta name=\"robots\" content=\"index, follow, max-snippet:-1, max-image-preview:large, max-video-preview:-1\" \/>\n<link rel=\"canonical\" href=\"https:\/\/le-clos-andre.com\/en\/\" \/>\n<meta property=\"og:locale\" content=\"en_GB\" \/>\n<meta property=\"og:type\" content=\"article\" \/>\n<meta property=\"og:title\" content=\"Accueil - Le Clos Andr\u00e9\" \/>\n<meta property=\"og:description\" content=\"Le Clos-Andr\u00e9 vous accueil \u00e0 proximit\u00e9 du Ch\u00e2teau de Chambord. Vous pourrez y \u00eatre h\u00e9berg\u00e9s jusqu&#039;\u00e0 10 personnes.,\" \/>\n<meta property=\"og:url\" content=\"https:\/\/le-clos-andre.com\/en\/\" \/>\n<meta property=\"og:site_name\" content=\"Le Clos Andr\u00e9\" \/>\n<meta property=\"article:modified_time\" content=\"2026-04-10T04:48:18+00:00\" \/>\n<meta name=\"twitter:card\" content=\"summary_large_image\" \/>\n<meta name=\"twitter:label1\" content=\"Estimated reading time\" \/>\n\t<meta name=\"twitter:data1\" content=\"1 minute\" \/>\n<script type=\"application\/ld+json\" class=\"yoast-schema-graph\">{\"@context\":\"https:\\\/\\\/schema.org\",\"@graph\":[{\"@type\":\"WebPage\",\"@id\":\"https:\\\/\\\/le-clos-andre.com\\\/\",\"url\":\"https:\\\/\\\/le-clos-andre.com\\\/\",\"name\":\"Accueil - Le Clos Andr\u00e9\",\"isPartOf\":{\"@id\":\"https:\\\/\\\/le-clos-andre.com\\\/#website\"},\"datePublished\":\"2024-05-13T14:22:30+00:00\",\"dateModified\":\"2026-04-10T04:48:18+00:00\",\"description\":\"Le Clos-Andr\u00e9 vous accueil \u00e0 proximit\u00e9 du Ch\u00e2teau de Chambord. Vous pourrez y \u00eatre h\u00e9berg\u00e9s jusqu'\u00e0 10 personnes.,\",\"breadcrumb\":{\"@id\":\"https:\\\/\\\/le-clos-andre.com\\\/#breadcrumb\"},\"inLanguage\":\"en-GB\",\"potentialAction\":[{\"@type\":\"ReadAction\",\"target\":[\"https:\\\/\\\/le-clos-andre.com\\\/\"]}]},{\"@type\":\"BreadcrumbList\",\"@id\":\"https:\\\/\\\/le-clos-andre.com\\\/#breadcrumb\",\"itemListElement\":[{\"@type\":\"ListItem\",\"position\":1,\"name\":\"Accueil\",\"item\":\"https:\\\/\\\/le-clos-andre.com\\\/\"},{\"@type\":\"ListItem\",\"position\":2,\"name\":\"Accueil\"}]},{\"@type\":\"WebSite\",\"@id\":\"https:\\\/\\\/le-clos-andre.com\\\/#website\",\"url\":\"https:\\\/\\\/le-clos-andre.com\\\/\",\"name\":\"Clos Andr\u00e9\",\"description\":\"\",\"publisher\":{\"@id\":\"https:\\\/\\\/le-clos-andre.com\\\/#organization\"},\"potentialAction\":[{\"@type\":\"SearchAction\",\"target\":{\"@type\":\"EntryPoint\",\"urlTemplate\":\"https:\\\/\\\/le-clos-andre.com\\\/?s={search_term_string}\"},\"query-input\":{\"@type\":\"PropertyValueSpecification\",\"valueRequired\":true,\"valueName\":\"search_term_string\"}}],\"inLanguage\":\"en-GB\"},{\"@type\":\"Organization\",\"@id\":\"https:\\\/\\\/le-clos-andre.com\\\/#organization\",\"name\":\"Massande\",\"url\":\"https:\\\/\\\/le-clos-andre.com\\\/\",\"logo\":{\"@type\":\"ImageObject\",\"inLanguage\":\"en-GB\",\"@id\":\"https:\\\/\\\/le-clos-andre.com\\\/#\\\/schema\\\/logo\\\/image\\\/\",\"url\":\"https:\\\/\\\/le-clos-andre.com\\\/wp-content\\\/uploads\\\/2025\\\/09\\\/cropped-home-real-estate-home-design-logo.png\",\"contentUrl\":\"https:\\\/\\\/le-clos-andre.com\\\/wp-content\\\/uploads\\\/2025\\\/09\\\/cropped-home-real-estate-home-design-logo.png\",\"width\":224,\"height\":190,\"caption\":\"Massande\"},\"image\":{\"@id\":\"https:\\\/\\\/le-clos-andre.com\\\/#\\\/schema\\\/logo\\\/image\\\/\"}}]}<\/script>\n<!-- \/ Yoast SEO plugin. -->","yoast_head_json":{"title":"Accueil - Le Clos Andr\u00e9","description":"Le Clos-Andr\u00e9 vous accueil \u00e0 proximit\u00e9 du Ch\u00e2teau de Chambord. Vous pourrez y \u00eatre h\u00e9berg\u00e9s jusqu'\u00e0 10 personnes.,","robots":{"index":"index","follow":"follow","max-snippet":"max-snippet:-1","max-image-preview":"max-image-preview:large","max-video-preview":"max-video-preview:-1"},"canonical":"https:\/\/le-clos-andre.com\/en\/","og_locale":"en_GB","og_type":"article","og_title":"Accueil - Le Clos Andr\u00e9","og_description":"Le Clos-Andr\u00e9 vous accueil \u00e0 proximit\u00e9 du Ch\u00e2teau de Chambord. Vous pourrez y \u00eatre h\u00e9berg\u00e9s jusqu'\u00e0 10 personnes.,","og_url":"https:\/\/le-clos-andre.com\/en\/","og_site_name":"Le Clos Andr\u00e9","article_modified_time":"2026-04-10T04:48:18+00:00","twitter_card":"summary_large_image","twitter_misc":{"Estimated reading time":"1 minute"},"schema":{"@context":"https:\/\/schema.org","@graph":[{"@type":"WebPage","@id":"https:\/\/le-clos-andre.com\/","url":"https:\/\/le-clos-andre.com\/","name":"Accueil - Le Clos Andr\u00e9","isPartOf":{"@id":"https:\/\/le-clos-andre.com\/#website"},"datePublished":"2024-05-13T14:22:30+00:00","dateModified":"2026-04-10T04:48:18+00:00","description":"Le Clos-Andr\u00e9 vous accueil \u00e0 proximit\u00e9 du Ch\u00e2teau de Chambord. Vous pourrez y \u00eatre h\u00e9berg\u00e9s jusqu'\u00e0 10 personnes.,","breadcrumb":{"@id":"https:\/\/le-clos-andre.com\/#breadcrumb"},"inLanguage":"en-GB","potentialAction":[{"@type":"ReadAction","target":["https:\/\/le-clos-andre.com\/"]}]},{"@type":"BreadcrumbList","@id":"https:\/\/le-clos-andre.com\/#breadcrumb","itemListElement":[{"@type":"ListItem","position":1,"name":"Accueil","item":"https:\/\/le-clos-andre.com\/"},{"@type":"ListItem","position":2,"name":"Accueil"}]},{"@type":"WebSite","@id":"https:\/\/le-clos-andre.com\/#website","url":"https:\/\/le-clos-andre.com\/","name":"Clos Andr\u00e9","description":"","publisher":{"@id":"https:\/\/le-clos-andre.com\/#organization"},"potentialAction":[{"@type":"SearchAction","target":{"@type":"EntryPoint","urlTemplate":"https:\/\/le-clos-andre.com\/?s={search_term_string}"},"query-input":{"@type":"PropertyValueSpecification","valueRequired":true,"valueName":"search_term_string"}}],"inLanguage":"en-GB"},{"@type":"Organization","@id":"https:\/\/le-clos-andre.com\/#organization","name":"Massande","url":"https:\/\/le-clos-andre.com\/","logo":{"@type":"ImageObject","inLanguage":"en-GB","@id":"https:\/\/le-clos-andre.com\/#\/schema\/logo\/image\/","url":"https:\/\/le-clos-andre.com\/wp-content\/uploads\/2025\/09\/cropped-home-real-estate-home-design-logo.png","contentUrl":"https:\/\/le-clos-andre.com\/wp-content\/uploads\/2025\/09\/cropped-home-real-estate-home-design-logo.png","width":224,"height":190,"caption":"Massande"},"image":{"@id":"https:\/\/le-clos-andre.com\/#\/schema\/logo\/image\/"}}]}},"_links":{"self":[{"href":"https:\/\/le-clos-andre.com\/en\/wp-json\/wp\/v2\/pages\/51","targetHints":{"allow":["GET"]}}],"collection":[{"href":"https:\/\/le-clos-andre.com\/en\/wp-json\/wp\/v2\/pages"}],"about":[{"href":"https:\/\/le-clos-andre.com\/en\/wp-json\/wp\/v2\/types\/page"}],"author":[{"embeddable":true,"href":"https:\/\/le-clos-andre.com\/en\/wp-json\/wp\/v2\/users\/1"}],"replies":[{"embeddable":true,"href":"https:\/\/le-clos-andre.com\/en\/wp-json\/wp\/v2\/comments?post=51"}],"version-history":[{"count":2,"href":"https:\/\/le-clos-andre.com\/en\/wp-json\/wp\/v2\/pages\/51\/revisions"}],"predecessor-version":[{"id":1125,"href":"https:\/\/le-clos-andre.com\/en\/wp-json\/wp\/v2\/pages\/51\/revisions\/1125"}],"wp:attachment":[{"href":"https:\/\/le-clos-andre.com\/en\/wp-json\/wp\/v2\/media?parent=51"}],"curies":[{"name":"wp","href":"https:\/\/api.w.org\/{rel}","templated":true}]}}