{"id":848,"date":"2025-09-15T18:19:41","date_gmt":"2025-09-15T16:19:41","guid":{"rendered":"https:\/\/le-clos-andre.com\/?page_id=848"},"modified":"2025-09-17T08:58:09","modified_gmt":"2025-09-17T06:58:09","slug":"bienvenue-au-clos-andre","status":"publish","type":"page","link":"https:\/\/le-clos-andre.com\/en\/bienvenue-au-clos-andre\/","title":{"rendered":"Bienvenue au Clos Andr\u00e9"},"content":{"rendered":"<div data-elementor-type=\"wp-page\" data-elementor-id=\"848\" class=\"elementor elementor-848\">\n\t\t\t\t<div class=\"elementor-element elementor-element-3f988d4 e-grid e-con-boxed e-con e-parent\" data-id=\"3f988d4\" data-element_type=\"container\" data-e-type=\"container\">\n\t\t\t\t\t<div class=\"e-con-inner\">\n\t\t\t\t<div class=\"elementor-element elementor-element-23dbb94 elementor-widget elementor-widget-image\" data-id=\"23dbb94\" data-element_type=\"widget\" data-e-type=\"widget\" data-widget_type=\"image.default\">\n\t\t\t\t<div class=\"elementor-widget-container\">\n\t\t\t\t\t\t\t\t\t\t\t\t\t\t\t<img fetchpriority=\"high\" decoding=\"async\" width=\"604\" height=\"403\" src=\"https:\/\/le-clos-andre.com\/wp-content\/uploads\/2025\/09\/Chateau_de_Chambord.png\" class=\"attachment-large size-large wp-image-850\" alt=\"\" srcset=\"https:\/\/le-clos-andre.com\/wp-content\/uploads\/2025\/09\/Chateau_de_Chambord.png 604w, https:\/\/le-clos-andre.com\/wp-content\/uploads\/2025\/09\/Chateau_de_Chambord-300x200.png 300w, https:\/\/le-clos-andre.com\/wp-content\/uploads\/2025\/09\/Chateau_de_Chambord-18x12.png 18w\" sizes=\"(max-width: 604px) 100vw, 604px\" \/>\t\t\t\t\t\t\t\t\t\t\t\t\t\t\t<\/div>\n\t\t\t\t<\/div>\n\t\t\t\t<div class=\"elementor-element elementor-element-0b91ae5 elementor-widget elementor-widget-text-editor\" data-id=\"0b91ae5\" data-element_type=\"widget\" data-e-type=\"widget\" data-widget_type=\"text-editor.default\">\n\t\t\t\t<div class=\"elementor-widget-container\">\n\t\t\t\t\t\t\t\t\t<p>Nous vous remercions d\u2019avoir choisi le Clos Andr\u00e9 pour profiter de notre belle r\u00e9gion, la Sologne. Dans l\u2019attente de votre arriv\u00e9e, votre trouverez, ci-dessous, plusieurs informations qui vous permettront de compl\u00e9ter la pr\u00e9paration de votre s\u00e9jour et qui sont nos petites pr\u00e9f\u00e9rences.<\/p>\t\t\t\t\t\t\t\t<\/div>\n\t\t\t\t<\/div>\n\t\t\t\t\t<\/div>\n\t\t\t\t<\/div>\n\t\t<div class=\"elementor-element elementor-element-fbe3dc1 e-flex e-con-boxed e-con e-parent\" data-id=\"fbe3dc1\" data-element_type=\"container\" data-e-type=\"container\">\n\t\t\t\t\t<div class=\"e-con-inner\">\n\t\t<div class=\"elementor-element elementor-element-7ce9cb0 e-con-full e-flex e-con e-child\" data-id=\"7ce9cb0\" data-element_type=\"container\" data-e-type=\"container\">\n\t\t\t\t<div class=\"elementor-element elementor-element-2ff5bef elementor-widget elementor-widget-image\" data-id=\"2ff5bef\" data-element_type=\"widget\" data-e-type=\"widget\" data-widget_type=\"image.default\">\n\t\t\t\t<div class=\"elementor-widget-container\">\n\t\t\t\t\t\t\t\t\t\t\t\t\t\t\t\t<a href=\"http:\/\/le-clos-andre.com\/wp-content\/uploads\/2025\/09\/DN_Chambord.png\" data-elementor-open-lightbox=\"yes\" data-elementor-lightbox-title=\"DN_Chambord\" data-e-action-hash=\"#elementor-action%3Aaction%3Dlightbox%26settings%3DeyJpZCI6ODUxLCJ1cmwiOiJodHRwczpcL1wvbGUtY2xvcy1hbmRyZS5jb21cL3dwLWNvbnRlbnRcL3VwbG9hZHNcLzIwMjVcLzA5XC9ETl9DaGFtYm9yZC5wbmcifQ%3D%3D\">\n\t\t\t\t\t\t\t<img decoding=\"async\" width=\"924\" height=\"652\" src=\"https:\/\/le-clos-andre.com\/wp-content\/uploads\/2025\/09\/DN_Chambord.png\" class=\"attachment-large size-large wp-image-851\" alt=\"\" srcset=\"https:\/\/le-clos-andre.com\/wp-content\/uploads\/2025\/09\/DN_Chambord.png 924w, https:\/\/le-clos-andre.com\/wp-content\/uploads\/2025\/09\/DN_Chambord-300x212.png 300w, https:\/\/le-clos-andre.com\/wp-content\/uploads\/2025\/09\/DN_Chambord-768x542.png 768w, https:\/\/le-clos-andre.com\/wp-content\/uploads\/2025\/09\/DN_Chambord-18x12.png 18w\" sizes=\"(max-width: 924px) 100vw, 924px\" \/>\t\t\t\t\t\t\t\t<\/a>\n\t\t\t\t\t\t\t\t\t\t\t\t\t\t\t<\/div>\n\t\t\t\t<\/div>\n\t\t\t\t<\/div>\n\t\t<div class=\"elementor-element elementor-element-1491d72 e-con-full e-flex e-con e-child\" data-id=\"1491d72\" data-element_type=\"container\" data-e-type=\"container\">\n\t\t<div class=\"elementor-element elementor-element-58ba3a6 e-con-full e-flex e-con e-child\" data-id=\"58ba3a6\" data-element_type=\"container\" data-e-type=\"container\">\n\t\t\t\t<div class=\"elementor-element elementor-element-2000788 elementor-widget elementor-widget-heading\" data-id=\"2000788\" data-element_type=\"widget\" data-e-type=\"widget\" data-widget_type=\"heading.default\">\n\t\t\t\t<div class=\"elementor-widget-container\">\n\t\t\t\t\t<h2 class=\"elementor-heading-title elementor-size-default\">Le Domaine national de Chambord<\/h2>\t\t\t\t<\/div>\n\t\t\t\t<\/div>\n\t\t\t\t<\/div>\n\t\t<div class=\"elementor-element elementor-element-0c4c8c8 e-con-full e-flex e-con e-child\" data-id=\"0c4c8c8\" data-element_type=\"container\" data-e-type=\"container\">\n\t\t\t\t<div class=\"elementor-element elementor-element-65f8de0 elementor-widget elementor-widget-text-editor\" data-id=\"65f8de0\" data-element_type=\"widget\" data-e-type=\"widget\" data-widget_type=\"text-editor.default\">\n\t\t\t\t<div class=\"elementor-widget-container\">\n\t\t\t\t\t\t\t\t\t<p>En plus, de la visite du Ch\u00e2teau de Chambord et de son jardin, il y a la possibilit\u00e9 de visiter les environs via les diff\u00e9rents moyens de locomotion mises \u00e0 disposition. Location de bateaux, pour d\u00e9couvrir, visiter les abords du Ch\u00e2teau et profiter d\u2019une magnifique vu d\u2019ensemble, il est possible de louer une barque.<br \/>Les jardins \u00e0 la fran\u00e7aise, l\u2019architecture tout comme la restauration chambourdine constituent un ensemble qui met en valeur votre exp\u00e9rience. Ainsi, vous aurez un souvenir m\u00e9morable de votre visite au sein du deuxi\u00e8me plus vaste ch\u00e2teau de France.<\/p>\t\t\t\t\t\t\t\t<\/div>\n\t\t\t\t<\/div>\n\t\t\t\t<\/div>\n\t\t\t\t<\/div>\n\t\t\t\t\t<\/div>\n\t\t\t\t<\/div>\n\t\t<div class=\"elementor-element elementor-element-d4b5e05 e-flex e-con-boxed e-con e-parent\" data-id=\"d4b5e05\" data-element_type=\"container\" data-e-type=\"container\">\n\t\t\t\t\t<div class=\"e-con-inner\">\n\t\t\t\t<div class=\"elementor-element elementor-element-8722468 elementor-widget elementor-widget-image\" data-id=\"8722468\" data-element_type=\"widget\" data-e-type=\"widget\" data-widget_type=\"image.default\">\n\t\t\t\t<div class=\"elementor-widget-container\">\n\t\t\t\t\t\t\t\t\t\t\t\t\t\t\t\t<a href=\"http:\/\/le-clos-andre.com\/wp-content\/uploads\/2025\/09\/Blois-Chambord.png\" data-elementor-open-lightbox=\"yes\" data-elementor-lightbox-title=\"Blois Chambord\" data-elementor-lightbox-description=\"Carte du Val du Loire\" data-e-action-hash=\"#elementor-action%3Aaction%3Dlightbox%26settings%3DeyJpZCI6ODUzLCJ1cmwiOiJodHRwczpcL1wvbGUtY2xvcy1hbmRyZS5jb21cL3dwLWNvbnRlbnRcL3VwbG9hZHNcLzIwMjVcLzA5XC9CbG9pcy1DaGFtYm9yZC5wbmcifQ%3D%3D\">\n\t\t\t\t\t\t\t<img decoding=\"async\" width=\"858\" height=\"643\" src=\"https:\/\/le-clos-andre.com\/wp-content\/uploads\/2025\/09\/Blois-Chambord.png\" class=\"attachment-large size-large wp-image-853\" alt=\"\" srcset=\"https:\/\/le-clos-andre.com\/wp-content\/uploads\/2025\/09\/Blois-Chambord.png 858w, https:\/\/le-clos-andre.com\/wp-content\/uploads\/2025\/09\/Blois-Chambord-300x225.png 300w, https:\/\/le-clos-andre.com\/wp-content\/uploads\/2025\/09\/Blois-Chambord-768x576.png 768w, https:\/\/le-clos-andre.com\/wp-content\/uploads\/2025\/09\/Blois-Chambord-16x12.png 16w\" sizes=\"(max-width: 858px) 100vw, 858px\" \/>\t\t\t\t\t\t\t\t<\/a>\n\t\t\t\t\t\t\t\t\t\t\t\t\t\t\t<\/div>\n\t\t\t\t<\/div>\n\t\t\t\t\t<\/div>\n\t\t\t\t<\/div>\n\t\t<div class=\"elementor-element elementor-element-ed9ad88 e-grid e-con-boxed e-con e-parent\" data-id=\"ed9ad88\" data-element_type=\"container\" data-e-type=\"container\">\n\t\t\t\t\t<div class=\"e-con-inner\">\n\t\t\t\t<div class=\"elementor-element elementor-element-12549de elementor-widget elementor-widget-heading\" data-id=\"12549de\" data-element_type=\"widget\" data-e-type=\"widget\" data-widget_type=\"heading.default\">\n\t\t\t\t<div class=\"elementor-widget-container\">\n\t\t\t\t\t<h3 class=\"elementor-heading-title elementor-size-default\"><a href=\"https:\/\/le-clos-andre.com\/en\/l-gastronomie-en-sologne\/\">Restaurants pr\u00e9f\u00e9r\u00e9s pour d\u00e9couvrir la richesse de la gastronomie de Thoury et de la Sologne <\/a><\/h3>\t\t\t\t<\/div>\n\t\t\t\t<\/div>\n\t\t\t\t<div class=\"elementor-element elementor-element-1cc0a37 elementor-widget elementor-widget-heading\" data-id=\"1cc0a37\" data-element_type=\"widget\" data-e-type=\"widget\" data-widget_type=\"heading.default\">\n\t\t\t\t<div class=\"elementor-widget-container\">\n\t\t\t\t\t<h3 class=\"elementor-heading-title elementor-size-default\"><a href=\"https:\/\/le-clos-andre.com\/en\/apprendre-a-deguster-le-vin\/\">D\u00e9couvrir et apprendre \u00e0 d\u00e9guster le vin comme un pro<\/a><\/h3>\t\t\t\t<\/div>\n\t\t\t\t<\/div>\n\t\t\t\t<div class=\"elementor-element elementor-element-d0a89a3 elementor-widget elementor-widget-heading\" data-id=\"d0a89a3\" data-element_type=\"widget\" data-e-type=\"widget\" data-widget_type=\"heading.default\">\n\t\t\t\t<div class=\"elementor-widget-container\">\n\t\t\t\t\t<h3 class=\"elementor-heading-title elementor-size-default\"><a href=\"https:\/\/le-clos-andre.com\/en\/15-conseils-et-bons-plans-pour-profiter-au-maximum-de-votre-sejour-en-sologne\/\">15 conseils et bons plans pour profiter au maximum de votre s\u00e9jour en Sologne<\/a><\/h3>\t\t\t\t<\/div>\n\t\t\t\t<\/div>\n\t\t\t\t<div class=\"elementor-element elementor-element-77c9c48 elementor-widget elementor-widget-heading\" data-id=\"77c9c48\" data-element_type=\"widget\" data-e-type=\"widget\" data-widget_type=\"heading.default\">\n\t\t\t\t<div class=\"elementor-widget-container\">\n\t\t\t\t\t<h3 class=\"elementor-heading-title elementor-size-default\"><a href=\"https:\/\/le-clos-andre.com\/en\/quatre-circuits-pedestres-thouryssois\/\">4 circuits p\u00e9destres pour d\u00e9couvrir Thoury \u00e0 pied et ne rien rater<\/a><\/h3>\t\t\t\t<\/div>\n\t\t\t\t<\/div>\n\t\t\t\t\t<\/div>\n\t\t\t\t<\/div>\n\t\t\t\t<\/div>","protected":false},"excerpt":{"rendered":"<p>Nous vous remercions d\u2019avoir choisi le Clos Andr\u00e9 pour profiter de notre belle r\u00e9gion, la Sologne. Dans l\u2019attente de votre arriv\u00e9e, votre trouverez, ci-dessous, plusieurs informations qui vous permettront de compl\u00e9ter la pr\u00e9paration de votre s\u00e9jour et qui sont nos petites pr\u00e9f\u00e9rences. Le Domaine national de Chambord En plus, de la visite du Ch\u00e2teau de [&hellip;]<\/p>\n","protected":false},"author":1,"featured_media":0,"parent":0,"menu_order":0,"comment_status":"closed","ping_status":"closed","template":"","meta":{"footnotes":""},"class_list":["post-848","page","type-page","status-publish","hentry"],"yoast_head":"<!-- This site is optimized with the Yoast SEO plugin v27.4 - https:\/\/yoast.com\/product\/yoast-seo-wordpress\/ -->\n<title>Bienvenue au Clos Andr\u00e9 - Le Clos Andr\u00e9<\/title>\n<meta name=\"robots\" content=\"index, follow, max-snippet:-1, max-image-preview:large, max-video-preview:-1\" \/>\n<link rel=\"canonical\" href=\"https:\/\/le-clos-andre.com\/en\/bienvenue-au-clos-andre\/\" \/>\n<meta property=\"og:locale\" content=\"en_GB\" \/>\n<meta property=\"og:type\" content=\"article\" \/>\n<meta property=\"og:title\" content=\"Bienvenue au Clos Andr\u00e9 - Le Clos Andr\u00e9\" \/>\n<meta property=\"og:description\" content=\"Nous vous remercions d\u2019avoir choisi le Clos Andr\u00e9 pour profiter de notre belle r\u00e9gion, la Sologne. Dans l\u2019attente de votre arriv\u00e9e, votre trouverez, ci-dessous, plusieurs informations qui vous permettront de compl\u00e9ter la pr\u00e9paration de votre s\u00e9jour et qui sont nos petites pr\u00e9f\u00e9rences. Le Domaine national de Chambord En plus, de la visite du Ch\u00e2teau de [&hellip;]\" \/>\n<meta property=\"og:url\" content=\"https:\/\/le-clos-andre.com\/en\/bienvenue-au-clos-andre\/\" \/>\n<meta property=\"og:site_name\" content=\"Le Clos Andr\u00e9\" \/>\n<meta property=\"article:modified_time\" content=\"2025-09-17T06:58:09+00:00\" \/>\n<meta property=\"og:image\" content=\"http:\/\/le-clos-andre.com\/wp-content\/uploads\/2025\/09\/Chateau_de_Chambord.png\" \/>\n<meta name=\"twitter:card\" content=\"summary_large_image\" \/>\n<meta name=\"twitter:label1\" content=\"Estimated reading time\" \/>\n\t<meta name=\"twitter:data1\" content=\"2 minutes\" \/>\n<script type=\"application\/ld+json\" class=\"yoast-schema-graph\">{\"@context\":\"https:\\\/\\\/schema.org\",\"@graph\":[{\"@type\":\"WebPage\",\"@id\":\"https:\\\/\\\/le-clos-andre.com\\\/bienvenue-au-clos-andre\\\/\",\"url\":\"https:\\\/\\\/le-clos-andre.com\\\/bienvenue-au-clos-andre\\\/\",\"name\":\"Bienvenue au Clos Andr\u00e9 - Le Clos Andr\u00e9\",\"isPartOf\":{\"@id\":\"https:\\\/\\\/le-clos-andre.com\\\/#website\"},\"primaryImageOfPage\":{\"@id\":\"https:\\\/\\\/le-clos-andre.com\\\/bienvenue-au-clos-andre\\\/#primaryimage\"},\"image\":{\"@id\":\"https:\\\/\\\/le-clos-andre.com\\\/bienvenue-au-clos-andre\\\/#primaryimage\"},\"thumbnailUrl\":\"http:\\\/\\\/le-clos-andre.com\\\/wp-content\\\/uploads\\\/2025\\\/09\\\/Chateau_de_Chambord.png\",\"datePublished\":\"2025-09-15T16:19:41+00:00\",\"dateModified\":\"2025-09-17T06:58:09+00:00\",\"breadcrumb\":{\"@id\":\"https:\\\/\\\/le-clos-andre.com\\\/bienvenue-au-clos-andre\\\/#breadcrumb\"},\"inLanguage\":\"en-GB\",\"potentialAction\":[{\"@type\":\"ReadAction\",\"target\":[\"https:\\\/\\\/le-clos-andre.com\\\/bienvenue-au-clos-andre\\\/\"]}]},{\"@type\":\"ImageObject\",\"inLanguage\":\"en-GB\",\"@id\":\"https:\\\/\\\/le-clos-andre.com\\\/bienvenue-au-clos-andre\\\/#primaryimage\",\"url\":\"http:\\\/\\\/le-clos-andre.com\\\/wp-content\\\/uploads\\\/2025\\\/09\\\/Chateau_de_Chambord.png\",\"contentUrl\":\"http:\\\/\\\/le-clos-andre.com\\\/wp-content\\\/uploads\\\/2025\\\/09\\\/Chateau_de_Chambord.png\"},{\"@type\":\"BreadcrumbList\",\"@id\":\"https:\\\/\\\/le-clos-andre.com\\\/bienvenue-au-clos-andre\\\/#breadcrumb\",\"itemListElement\":[{\"@type\":\"ListItem\",\"position\":1,\"name\":\"Accueil\",\"item\":\"https:\\\/\\\/le-clos-andre.com\\\/\"},{\"@type\":\"ListItem\",\"position\":2,\"name\":\"Bienvenue au Clos Andr\u00e9\"}]},{\"@type\":\"WebSite\",\"@id\":\"https:\\\/\\\/le-clos-andre.com\\\/#website\",\"url\":\"https:\\\/\\\/le-clos-andre.com\\\/\",\"name\":\"Clos Andr\u00e9\",\"description\":\"\",\"publisher\":{\"@id\":\"https:\\\/\\\/le-clos-andre.com\\\/#organization\"},\"potentialAction\":[{\"@type\":\"SearchAction\",\"target\":{\"@type\":\"EntryPoint\",\"urlTemplate\":\"https:\\\/\\\/le-clos-andre.com\\\/?s={search_term_string}\"},\"query-input\":{\"@type\":\"PropertyValueSpecification\",\"valueRequired\":true,\"valueName\":\"search_term_string\"}}],\"inLanguage\":\"en-GB\"},{\"@type\":\"Organization\",\"@id\":\"https:\\\/\\\/le-clos-andre.com\\\/#organization\",\"name\":\"Massande\",\"url\":\"https:\\\/\\\/le-clos-andre.com\\\/\",\"logo\":{\"@type\":\"ImageObject\",\"inLanguage\":\"en-GB\",\"@id\":\"https:\\\/\\\/le-clos-andre.com\\\/#\\\/schema\\\/logo\\\/image\\\/\",\"url\":\"https:\\\/\\\/le-clos-andre.com\\\/wp-content\\\/uploads\\\/2025\\\/09\\\/cropped-home-real-estate-home-design-logo.png\",\"contentUrl\":\"https:\\\/\\\/le-clos-andre.com\\\/wp-content\\\/uploads\\\/2025\\\/09\\\/cropped-home-real-estate-home-design-logo.png\",\"width\":224,\"height\":190,\"caption\":\"Massande\"},\"image\":{\"@id\":\"https:\\\/\\\/le-clos-andre.com\\\/#\\\/schema\\\/logo\\\/image\\\/\"}}]}<\/script>\n<!-- \/ Yoast SEO plugin. -->","yoast_head_json":{"title":"Bienvenue au Clos Andr\u00e9 - Le Clos Andr\u00e9","robots":{"index":"index","follow":"follow","max-snippet":"max-snippet:-1","max-image-preview":"max-image-preview:large","max-video-preview":"max-video-preview:-1"},"canonical":"https:\/\/le-clos-andre.com\/en\/bienvenue-au-clos-andre\/","og_locale":"en_GB","og_type":"article","og_title":"Bienvenue au Clos Andr\u00e9 - Le Clos Andr\u00e9","og_description":"Nous vous remercions d\u2019avoir choisi le Clos Andr\u00e9 pour profiter de notre belle r\u00e9gion, la Sologne. Dans l\u2019attente de votre arriv\u00e9e, votre trouverez, ci-dessous, plusieurs informations qui vous permettront de compl\u00e9ter la pr\u00e9paration de votre s\u00e9jour et qui sont nos petites pr\u00e9f\u00e9rences. Le Domaine national de Chambord En plus, de la visite du Ch\u00e2teau de [&hellip;]","og_url":"https:\/\/le-clos-andre.com\/en\/bienvenue-au-clos-andre\/","og_site_name":"Le Clos Andr\u00e9","article_modified_time":"2025-09-17T06:58:09+00:00","og_image":[{"url":"http:\/\/le-clos-andre.com\/wp-content\/uploads\/2025\/09\/Chateau_de_Chambord.png","type":"","width":"","height":""}],"twitter_card":"summary_large_image","twitter_misc":{"Estimated reading time":"2 minutes"},"schema":{"@context":"https:\/\/schema.org","@graph":[{"@type":"WebPage","@id":"https:\/\/le-clos-andre.com\/bienvenue-au-clos-andre\/","url":"https:\/\/le-clos-andre.com\/bienvenue-au-clos-andre\/","name":"Bienvenue au Clos Andr\u00e9 - Le Clos Andr\u00e9","isPartOf":{"@id":"https:\/\/le-clos-andre.com\/#website"},"primaryImageOfPage":{"@id":"https:\/\/le-clos-andre.com\/bienvenue-au-clos-andre\/#primaryimage"},"image":{"@id":"https:\/\/le-clos-andre.com\/bienvenue-au-clos-andre\/#primaryimage"},"thumbnailUrl":"http:\/\/le-clos-andre.com\/wp-content\/uploads\/2025\/09\/Chateau_de_Chambord.png","datePublished":"2025-09-15T16:19:41+00:00","dateModified":"2025-09-17T06:58:09+00:00","breadcrumb":{"@id":"https:\/\/le-clos-andre.com\/bienvenue-au-clos-andre\/#breadcrumb"},"inLanguage":"en-GB","potentialAction":[{"@type":"ReadAction","target":["https:\/\/le-clos-andre.com\/bienvenue-au-clos-andre\/"]}]},{"@type":"ImageObject","inLanguage":"en-GB","@id":"https:\/\/le-clos-andre.com\/bienvenue-au-clos-andre\/#primaryimage","url":"http:\/\/le-clos-andre.com\/wp-content\/uploads\/2025\/09\/Chateau_de_Chambord.png","contentUrl":"http:\/\/le-clos-andre.com\/wp-content\/uploads\/2025\/09\/Chateau_de_Chambord.png"},{"@type":"BreadcrumbList","@id":"https:\/\/le-clos-andre.com\/bienvenue-au-clos-andre\/#breadcrumb","itemListElement":[{"@type":"ListItem","position":1,"name":"Accueil","item":"https:\/\/le-clos-andre.com\/"},{"@type":"ListItem","position":2,"name":"Bienvenue au Clos Andr\u00e9"}]},{"@type":"WebSite","@id":"https:\/\/le-clos-andre.com\/#website","url":"https:\/\/le-clos-andre.com\/","name":"Clos Andr\u00e9","description":"","publisher":{"@id":"https:\/\/le-clos-andre.com\/#organization"},"potentialAction":[{"@type":"SearchAction","target":{"@type":"EntryPoint","urlTemplate":"https:\/\/le-clos-andre.com\/?s={search_term_string}"},"query-input":{"@type":"PropertyValueSpecification","valueRequired":true,"valueName":"search_term_string"}}],"inLanguage":"en-GB"},{"@type":"Organization","@id":"https:\/\/le-clos-andre.com\/#organization","name":"Massande","url":"https:\/\/le-clos-andre.com\/","logo":{"@type":"ImageObject","inLanguage":"en-GB","@id":"https:\/\/le-clos-andre.com\/#\/schema\/logo\/image\/","url":"https:\/\/le-clos-andre.com\/wp-content\/uploads\/2025\/09\/cropped-home-real-estate-home-design-logo.png","contentUrl":"https:\/\/le-clos-andre.com\/wp-content\/uploads\/2025\/09\/cropped-home-real-estate-home-design-logo.png","width":224,"height":190,"caption":"Massande"},"image":{"@id":"https:\/\/le-clos-andre.com\/#\/schema\/logo\/image\/"}}]}},"_links":{"self":[{"href":"https:\/\/le-clos-andre.com\/en\/wp-json\/wp\/v2\/pages\/848","targetHints":{"allow":["GET"]}}],"collection":[{"href":"https:\/\/le-clos-andre.com\/en\/wp-json\/wp\/v2\/pages"}],"about":[{"href":"https:\/\/le-clos-andre.com\/en\/wp-json\/wp\/v2\/types\/page"}],"author":[{"embeddable":true,"href":"https:\/\/le-clos-andre.com\/en\/wp-json\/wp\/v2\/users\/1"}],"replies":[{"embeddable":true,"href":"https:\/\/le-clos-andre.com\/en\/wp-json\/wp\/v2\/comments?post=848"}],"version-history":[{"count":29,"href":"https:\/\/le-clos-andre.com\/en\/wp-json\/wp\/v2\/pages\/848\/revisions"}],"predecessor-version":[{"id":1031,"href":"https:\/\/le-clos-andre.com\/en\/wp-json\/wp\/v2\/pages\/848\/revisions\/1031"}],"wp:attachment":[{"href":"https:\/\/le-clos-andre.com\/en\/wp-json\/wp\/v2\/media?parent=848"}],"curies":[{"name":"wp","href":"https:\/\/api.w.org\/{rel}","templated":true}]}}