{"id":887,"date":"2025-09-15T19:32:58","date_gmt":"2025-09-15T17:32:58","guid":{"rendered":"https:\/\/le-clos-andre.com\/?page_id=887"},"modified":"2025-09-15T19:54:47","modified_gmt":"2025-09-15T17:54:47","slug":"quatre-circuits-pedestres-thouryssois","status":"publish","type":"page","link":"https:\/\/le-clos-andre.com\/en\/quatre-circuits-pedestres-thouryssois\/","title":{"rendered":"Quatre circuits p\u00e9destres thouryssois"},"content":{"rendered":"<div data-elementor-type=\"wp-page\" data-elementor-id=\"887\" class=\"elementor elementor-887\">\n\t\t\t\t<div class=\"elementor-element elementor-element-af78126 e-flex e-con-boxed e-con e-parent\" data-id=\"af78126\" data-element_type=\"container\" data-e-type=\"container\">\n\t\t\t\t\t<div class=\"e-con-inner\">\n\t\t\t\t<div class=\"elementor-element elementor-element-cd73b49 elementor-widget elementor-widget-heading\" data-id=\"cd73b49\" data-element_type=\"widget\" data-e-type=\"widget\" data-widget_type=\"heading.default\">\n\t\t\t\t<div class=\"elementor-widget-container\">\n\t\t\t\t\t<h2 class=\"elementor-heading-title elementor-size-default\">Rando Thoury - La Maugerie<\/h2>\t\t\t\t<\/div>\n\t\t\t\t<\/div>\n\t\t\t\t\t<\/div>\n\t\t\t\t<\/div>\n\t\t<div class=\"elementor-element elementor-element-a9f8dbc e-grid e-con-boxed e-con e-parent\" data-id=\"a9f8dbc\" data-element_type=\"container\" data-e-type=\"container\">\n\t\t\t\t\t<div class=\"e-con-inner\">\n\t\t\t\t<div class=\"elementor-element elementor-element-caba02f elementor-widget elementor-widget-image\" data-id=\"caba02f\" data-element_type=\"widget\" data-e-type=\"widget\" data-widget_type=\"image.default\">\n\t\t\t\t<div class=\"elementor-widget-container\">\n\t\t\t\t\t\t\t\t\t\t\t\t\t\t\t<img fetchpriority=\"high\" decoding=\"async\" width=\"378\" height=\"471\" src=\"https:\/\/le-clos-andre.com\/wp-content\/uploads\/2025\/09\/rando-01.png\" class=\"attachment-large size-large wp-image-889\" alt=\"\" srcset=\"https:\/\/le-clos-andre.com\/wp-content\/uploads\/2025\/09\/rando-01.png 378w, https:\/\/le-clos-andre.com\/wp-content\/uploads\/2025\/09\/rando-01-241x300.png 241w, https:\/\/le-clos-andre.com\/wp-content\/uploads\/2025\/09\/rando-01-10x12.png 10w\" sizes=\"(max-width: 378px) 100vw, 378px\" \/>\t\t\t\t\t\t\t\t\t\t\t\t\t\t\t<\/div>\n\t\t\t\t<\/div>\n\t\t\t\t<div class=\"elementor-element elementor-element-a5dbe59 elementor-widget elementor-widget-text-editor\" data-id=\"a5dbe59\" data-element_type=\"widget\" data-e-type=\"widget\" data-widget_type=\"text-editor.default\">\n\t\t\t\t<div class=\"elementor-widget-container\">\n\t\t\t\t\t\t\t\t\t<ul><li>D\u00e9part pr\u00e9conis\u00e9 : parking derri\u00e8re l&rsquo;\u00e9glise<\/li><li>Sur votre chemin : l&rsquo;\u00e9tang de la Pleure<\/li><li>Points d&rsquo;int\u00e9r\u00eat:<\/li><\/ul><ol><li style=\"list-style-type: none;\"><ol><li>Eglise Sainte-Roche<\/li><li>Visite\u00a0 de la ferme La Maugerie (Mohhair)<\/li><\/ol><\/li><\/ol>\t\t\t\t\t\t\t\t<\/div>\n\t\t\t\t<\/div>\n\t\t\t\t\t<\/div>\n\t\t\t\t<\/div>\n\t\t<div class=\"elementor-element elementor-element-26b5713 e-flex e-con-boxed e-con e-parent\" data-id=\"26b5713\" data-element_type=\"container\" data-e-type=\"container\">\n\t\t\t\t\t<div class=\"e-con-inner\">\n\t\t\t\t<div class=\"elementor-element elementor-element-a90228a elementor-widget elementor-widget-heading\" data-id=\"a90228a\" data-element_type=\"widget\" data-e-type=\"widget\" data-widget_type=\"heading.default\">\n\t\t\t\t<div class=\"elementor-widget-container\">\n\t\t\t\t\t<h2 class=\"elementor-heading-title elementor-size-default\">Entre Bois et \u00e9tangs de Thoury<\/h2>\t\t\t\t<\/div>\n\t\t\t\t<\/div>\n\t\t\t\t\t<\/div>\n\t\t\t\t<\/div>\n\t\t<div class=\"elementor-element elementor-element-663974b e-grid e-con-boxed e-con e-parent\" data-id=\"663974b\" data-element_type=\"container\" data-e-type=\"container\">\n\t\t\t\t\t<div class=\"e-con-inner\">\n\t\t\t\t<div class=\"elementor-element elementor-element-a0cdbd0 elementor-widget elementor-widget-image\" data-id=\"a0cdbd0\" data-element_type=\"widget\" data-e-type=\"widget\" data-widget_type=\"image.default\">\n\t\t\t\t<div class=\"elementor-widget-container\">\n\t\t\t\t\t\t\t\t\t\t\t\t\t\t\t<img decoding=\"async\" width=\"378\" height=\"469\" src=\"https:\/\/le-clos-andre.com\/wp-content\/uploads\/2025\/09\/rando-02.png\" class=\"attachment-large size-large wp-image-890\" alt=\"\" srcset=\"https:\/\/le-clos-andre.com\/wp-content\/uploads\/2025\/09\/rando-02.png 378w, https:\/\/le-clos-andre.com\/wp-content\/uploads\/2025\/09\/rando-02-242x300.png 242w, https:\/\/le-clos-andre.com\/wp-content\/uploads\/2025\/09\/rando-02-10x12.png 10w\" sizes=\"(max-width: 378px) 100vw, 378px\" \/>\t\t\t\t\t\t\t\t\t\t\t\t\t\t\t<\/div>\n\t\t\t\t<\/div>\n\t\t\t\t<div class=\"elementor-element elementor-element-a18130e elementor-widget elementor-widget-text-editor\" data-id=\"a18130e\" data-element_type=\"widget\" data-e-type=\"widget\" data-widget_type=\"text-editor.default\">\n\t\t\t\t<div class=\"elementor-widget-container\">\n\t\t\t\t\t\t\t\t\t<ul><li>D\u00e9part pr\u00e9conis\u00e9 : parking derri\u00e8re l&rsquo;\u00e9glise<\/li><li>Sur votre chemin : l&rsquo;\u00e9tang de la Pleure, la for\u00eat domaniale, l&rsquo;\u00e9tang des Grands-Coudrays, Eglise Sainte-Roche, Panneaux de d\u00e9couvertes <i>Histoire au fil des rues<\/i><\/li><li>Itin\u00e9raire balis\u00e9 parla F\u00e9d\u00e9ration Fran\u00e7aise de Randonn\u00e9e 41<\/li><li>Points d&rsquo;int\u00e9r\u00eat :\u00a0<\/li><\/ul><ol><li style=\"list-style-type: none;\"><ol><li>Eglise Sainte-Roche,<\/li><li>G\u00eete Les Poulardi\u00e8res<\/li><li>Visite Ferme de la Maugerie<\/li><\/ol><\/li><\/ol>\t\t\t\t\t\t\t\t<\/div>\n\t\t\t\t<\/div>\n\t\t\t\t\t<\/div>\n\t\t\t\t<\/div>\n\t\t<div class=\"elementor-element elementor-element-d28356c e-flex e-con-boxed e-con e-parent\" data-id=\"d28356c\" data-element_type=\"container\" data-e-type=\"container\">\n\t\t\t\t\t<div class=\"e-con-inner\">\n\t\t\t\t<div class=\"elementor-element elementor-element-81eeb96 elementor-widget elementor-widget-heading\" data-id=\"81eeb96\" data-element_type=\"widget\" data-e-type=\"widget\" data-widget_type=\"heading.default\">\n\t\t\t\t<div class=\"elementor-widget-container\">\n\t\t\t\t\t<h2 class=\"elementor-heading-title elementor-size-default\">Rando : Circuit des ch\u00eanes de Crouy-sur-Cosson<\/h2>\t\t\t\t<\/div>\n\t\t\t\t<\/div>\n\t\t\t\t\t<\/div>\n\t\t\t\t<\/div>\n\t\t<div class=\"elementor-element elementor-element-57e6eb3 e-grid e-con-boxed e-con e-parent\" data-id=\"57e6eb3\" data-element_type=\"container\" data-e-type=\"container\">\n\t\t\t\t\t<div class=\"e-con-inner\">\n\t\t\t\t<div class=\"elementor-element elementor-element-331c62f elementor-widget elementor-widget-image\" data-id=\"331c62f\" data-element_type=\"widget\" data-e-type=\"widget\" data-widget_type=\"image.default\">\n\t\t\t\t<div class=\"elementor-widget-container\">\n\t\t\t\t\t\t\t\t\t\t\t\t\t\t\t<img decoding=\"async\" width=\"378\" height=\"485\" src=\"https:\/\/le-clos-andre.com\/wp-content\/uploads\/2025\/09\/rando-03.png\" class=\"attachment-large size-large wp-image-894\" alt=\"\" srcset=\"https:\/\/le-clos-andre.com\/wp-content\/uploads\/2025\/09\/rando-03.png 378w, https:\/\/le-clos-andre.com\/wp-content\/uploads\/2025\/09\/rando-03-234x300.png 234w, https:\/\/le-clos-andre.com\/wp-content\/uploads\/2025\/09\/rando-03-9x12.png 9w\" sizes=\"(max-width: 378px) 100vw, 378px\" \/>\t\t\t\t\t\t\t\t\t\t\t\t\t\t\t<\/div>\n\t\t\t\t<\/div>\n\t\t\t\t<div class=\"elementor-element elementor-element-7940f46 elementor-widget elementor-widget-text-editor\" data-id=\"7940f46\" data-element_type=\"widget\" data-e-type=\"widget\" data-widget_type=\"text-editor.default\">\n\t\t\t\t<div class=\"elementor-widget-container\">\n\t\t\t\t\t\t\t\t\t<ul><li>D\u00e9part pr\u00e9conis\u00e9 : Camping du Cosson<\/li><li>Sur votre chemin<\/li><li>P\u00e9pini\u00e8res foresti\u00e8res<\/li><li>Fontaine de la Marini\u00e8re<\/li><li>Bois du Chalet<\/li><li>Ch\u00e2teau de la Cordellerie et son \u00e9tang<\/li><li>Etang des Renardi\u00e8res<\/li><li>Eglise Saint-Martin, XII\u00e8me si\u00e8cle<\/li><li>Bas-relief (Saint-Martin et le pauvre, 1565) et fresques, XIII\u00e8me si\u00e8cle<\/li><li>Panneaux de d\u00e9couverte <i>Histoire au fil des rues<\/i><\/li><li><i>Itin\u00e9raire balis\u00e9 par la F\u00e9d\u00e9ration Fran\u00e7aise de Randonn\u00e9e 41<\/i><\/li><\/ul><ul><li><i>Points d&rsquo;int\u00e9r\u00eat :<\/i><\/li><\/ul><ol><li style=\"list-style-type: none;\"><ol><li><i>Ferme des Poulardi\u00e8res<\/i><\/li><li><i>Eglise Saint-Martin<\/i><\/li><\/ol><\/li><\/ol><p><i>\u00a0<\/i><\/p>\t\t\t\t\t\t\t\t<\/div>\n\t\t\t\t<\/div>\n\t\t\t\t\t<\/div>\n\t\t\t\t<\/div>\n\t\t<div class=\"elementor-element elementor-element-d9a5b13 e-flex e-con-boxed e-con e-parent\" data-id=\"d9a5b13\" data-element_type=\"container\" data-e-type=\"container\">\n\t\t\t\t\t<div class=\"e-con-inner\">\n\t\t\t\t<div class=\"elementor-element elementor-element-f6ff426 elementor-widget elementor-widget-heading\" data-id=\"f6ff426\" data-element_type=\"widget\" data-e-type=\"widget\" data-widget_type=\"heading.default\">\n\t\t\t\t<div class=\"elementor-widget-container\">\n\t\t\t\t\t<h2 class=\"elementor-heading-title elementor-size-default\">Circuit du M\u00e2ne de Crouy-sur-Cosson<\/h2>\t\t\t\t<\/div>\n\t\t\t\t<\/div>\n\t\t\t\t\t<\/div>\n\t\t\t\t<\/div>\n\t\t<div class=\"elementor-element elementor-element-2ef784e e-flex e-con-boxed e-con e-parent\" data-id=\"2ef784e\" data-element_type=\"container\" data-e-type=\"container\">\n\t\t\t\t\t<div class=\"e-con-inner\">\n\t\t<div class=\"elementor-element elementor-element-ed16d2f e-con-full e-flex e-con e-child\" data-id=\"ed16d2f\" data-element_type=\"container\" data-e-type=\"container\">\n\t\t\t\t<div class=\"elementor-element elementor-element-5b87fbe elementor-widget elementor-widget-image\" data-id=\"5b87fbe\" data-element_type=\"widget\" data-e-type=\"widget\" data-widget_type=\"image.default\">\n\t\t\t\t<div class=\"elementor-widget-container\">\n\t\t\t\t\t\t\t\t\t\t\t\t\t\t\t<img loading=\"lazy\" decoding=\"async\" width=\"378\" height=\"471\" src=\"https:\/\/le-clos-andre.com\/wp-content\/uploads\/2025\/09\/rando-04.png\" class=\"attachment-large size-large wp-image-895\" alt=\"\" srcset=\"https:\/\/le-clos-andre.com\/wp-content\/uploads\/2025\/09\/rando-04.png 378w, https:\/\/le-clos-andre.com\/wp-content\/uploads\/2025\/09\/rando-04-241x300.png 241w, https:\/\/le-clos-andre.com\/wp-content\/uploads\/2025\/09\/rando-04-10x12.png 10w\" sizes=\"(max-width: 378px) 100vw, 378px\" \/>\t\t\t\t\t\t\t\t\t\t\t\t\t\t\t<\/div>\n\t\t\t\t<\/div>\n\t\t\t\t<\/div>\n\t\t<div class=\"elementor-element elementor-element-4314650 e-con-full e-flex e-con e-child\" data-id=\"4314650\" data-element_type=\"container\" data-e-type=\"container\">\n\t\t\t\t<div class=\"elementor-element elementor-element-73116f9 elementor-widget elementor-widget-text-editor\" data-id=\"73116f9\" data-element_type=\"widget\" data-e-type=\"widget\" data-widget_type=\"text-editor.default\">\n\t\t\t\t<div class=\"elementor-widget-container\">\n\t\t\t\t\t\t\t\t\t<ul><li>D\u00e9part pr\u00e9conis\u00e9 : Camping du Cosson<\/li><li>Sur votre chemin<\/li><li>P\u00e9pini\u00e8res foresti\u00e8res<\/li><li>Fontaine de la Marini\u00e8re<\/li><li>Bois du Chalet<\/li><li>Ch\u00e2teau de la Cordellerie et son \u00e9tang<\/li><li>Etang des Renardi\u00e8res<\/li><li>Eglise Saint-Martin, XII\u00e8me si\u00e8cle<\/li><li>Bas-relief (Saint-Martin et le pauvre, 1565) et fresques, XIII\u00e8me si\u00e8cle<\/li><li>Panneaux de d\u00e9couverte <i>Histoire au fil des rues<\/i><\/li><li><i>Itin\u00e9raire balis\u00e9 par la F\u00e9d\u00e9ration Fran\u00e7aise de Randonn\u00e9e 41<\/i><\/li><\/ul><ul><li><i>Points d&rsquo;int\u00e9r\u00eat :<\/i><\/li><\/ul><ol><li style=\"list-style-type: none;\"><ol><li><i>Eglise Saint-Martin<\/i><\/li><\/ol><\/li><\/ol>\t\t\t\t\t\t\t\t<\/div>\n\t\t\t\t<\/div>\n\t\t\t\t<\/div>\n\t\t\t\t\t<\/div>\n\t\t\t\t<\/div>\n\t\t\t\t<\/div>","protected":false},"excerpt":{"rendered":"<p>Rando Thoury &#8211; La Maugerie D\u00e9part pr\u00e9conis\u00e9 : parking derri\u00e8re l&rsquo;\u00e9glise Sur votre chemin : l&rsquo;\u00e9tang de la Pleure Points d&rsquo;int\u00e9r\u00eat: Eglise Sainte-Roche Visite\u00a0 de la ferme La Maugerie (Mohhair) Entre Bois et \u00e9tangs de Thoury D\u00e9part pr\u00e9conis\u00e9 : parking derri\u00e8re l&rsquo;\u00e9glise Sur votre chemin : l&rsquo;\u00e9tang de la Pleure, la for\u00eat domaniale, l&rsquo;\u00e9tang des [&hellip;]<\/p>\n","protected":false},"author":1,"featured_media":0,"parent":0,"menu_order":0,"comment_status":"closed","ping_status":"closed","template":"","meta":{"footnotes":""},"class_list":["post-887","page","type-page","status-publish","hentry"],"yoast_head":"<!-- This site is optimized with the Yoast SEO plugin v27.4 - https:\/\/yoast.com\/product\/yoast-seo-wordpress\/ -->\n<title>Quatre circuits p\u00e9destres thouryssois - Le Clos Andr\u00e9<\/title>\n<meta name=\"robots\" content=\"index, follow, max-snippet:-1, max-image-preview:large, max-video-preview:-1\" \/>\n<link rel=\"canonical\" href=\"https:\/\/le-clos-andre.com\/en\/quatre-circuits-pedestres-thouryssois\/\" \/>\n<meta property=\"og:locale\" content=\"en_GB\" \/>\n<meta property=\"og:type\" content=\"article\" \/>\n<meta property=\"og:title\" content=\"Quatre circuits p\u00e9destres thouryssois - Le Clos Andr\u00e9\" \/>\n<meta property=\"og:description\" content=\"Rando Thoury &#8211; La Maugerie D\u00e9part pr\u00e9conis\u00e9 : parking derri\u00e8re l&rsquo;\u00e9glise Sur votre chemin : l&rsquo;\u00e9tang de la Pleure Points d&rsquo;int\u00e9r\u00eat: Eglise Sainte-Roche Visite\u00a0 de la ferme La Maugerie (Mohhair) Entre Bois et \u00e9tangs de Thoury D\u00e9part pr\u00e9conis\u00e9 : parking derri\u00e8re l&rsquo;\u00e9glise Sur votre chemin : l&rsquo;\u00e9tang de la Pleure, la for\u00eat domaniale, l&rsquo;\u00e9tang des [&hellip;]\" \/>\n<meta property=\"og:url\" content=\"https:\/\/le-clos-andre.com\/en\/quatre-circuits-pedestres-thouryssois\/\" \/>\n<meta property=\"og:site_name\" content=\"Le Clos Andr\u00e9\" \/>\n<meta property=\"article:modified_time\" content=\"2025-09-15T17:54:47+00:00\" \/>\n<meta property=\"og:image\" content=\"https:\/\/le-clos-andre.com\/wp-content\/uploads\/2025\/09\/rando-01.png\" \/>\n\t<meta property=\"og:image:width\" content=\"378\" \/>\n\t<meta property=\"og:image:height\" content=\"471\" \/>\n\t<meta property=\"og:image:type\" content=\"image\/png\" \/>\n<meta name=\"twitter:card\" content=\"summary_large_image\" \/>\n<meta name=\"twitter:label1\" content=\"Estimated reading time\" \/>\n\t<meta name=\"twitter:data1\" content=\"2 minutes\" \/>\n<script type=\"application\/ld+json\" class=\"yoast-schema-graph\">{\"@context\":\"https:\\\/\\\/schema.org\",\"@graph\":[{\"@type\":\"WebPage\",\"@id\":\"https:\\\/\\\/le-clos-andre.com\\\/quatre-circuits-pedestres-thouryssois\\\/\",\"url\":\"https:\\\/\\\/le-clos-andre.com\\\/quatre-circuits-pedestres-thouryssois\\\/\",\"name\":\"Quatre circuits p\u00e9destres thouryssois - Le Clos Andr\u00e9\",\"isPartOf\":{\"@id\":\"https:\\\/\\\/le-clos-andre.com\\\/#website\"},\"primaryImageOfPage\":{\"@id\":\"https:\\\/\\\/le-clos-andre.com\\\/quatre-circuits-pedestres-thouryssois\\\/#primaryimage\"},\"image\":{\"@id\":\"https:\\\/\\\/le-clos-andre.com\\\/quatre-circuits-pedestres-thouryssois\\\/#primaryimage\"},\"thumbnailUrl\":\"http:\\\/\\\/le-clos-andre.com\\\/wp-content\\\/uploads\\\/2025\\\/09\\\/rando-01.png\",\"datePublished\":\"2025-09-15T17:32:58+00:00\",\"dateModified\":\"2025-09-15T17:54:47+00:00\",\"breadcrumb\":{\"@id\":\"https:\\\/\\\/le-clos-andre.com\\\/quatre-circuits-pedestres-thouryssois\\\/#breadcrumb\"},\"inLanguage\":\"en-GB\",\"potentialAction\":[{\"@type\":\"ReadAction\",\"target\":[\"https:\\\/\\\/le-clos-andre.com\\\/quatre-circuits-pedestres-thouryssois\\\/\"]}]},{\"@type\":\"ImageObject\",\"inLanguage\":\"en-GB\",\"@id\":\"https:\\\/\\\/le-clos-andre.com\\\/quatre-circuits-pedestres-thouryssois\\\/#primaryimage\",\"url\":\"http:\\\/\\\/le-clos-andre.com\\\/wp-content\\\/uploads\\\/2025\\\/09\\\/rando-01.png\",\"contentUrl\":\"http:\\\/\\\/le-clos-andre.com\\\/wp-content\\\/uploads\\\/2025\\\/09\\\/rando-01.png\"},{\"@type\":\"BreadcrumbList\",\"@id\":\"https:\\\/\\\/le-clos-andre.com\\\/quatre-circuits-pedestres-thouryssois\\\/#breadcrumb\",\"itemListElement\":[{\"@type\":\"ListItem\",\"position\":1,\"name\":\"Accueil\",\"item\":\"https:\\\/\\\/le-clos-andre.com\\\/\"},{\"@type\":\"ListItem\",\"position\":2,\"name\":\"Quatre circuits p\u00e9destres thouryssois\"}]},{\"@type\":\"WebSite\",\"@id\":\"https:\\\/\\\/le-clos-andre.com\\\/#website\",\"url\":\"https:\\\/\\\/le-clos-andre.com\\\/\",\"name\":\"Clos Andr\u00e9\",\"description\":\"\",\"publisher\":{\"@id\":\"https:\\\/\\\/le-clos-andre.com\\\/#organization\"},\"potentialAction\":[{\"@type\":\"SearchAction\",\"target\":{\"@type\":\"EntryPoint\",\"urlTemplate\":\"https:\\\/\\\/le-clos-andre.com\\\/?s={search_term_string}\"},\"query-input\":{\"@type\":\"PropertyValueSpecification\",\"valueRequired\":true,\"valueName\":\"search_term_string\"}}],\"inLanguage\":\"en-GB\"},{\"@type\":\"Organization\",\"@id\":\"https:\\\/\\\/le-clos-andre.com\\\/#organization\",\"name\":\"Massande\",\"url\":\"https:\\\/\\\/le-clos-andre.com\\\/\",\"logo\":{\"@type\":\"ImageObject\",\"inLanguage\":\"en-GB\",\"@id\":\"https:\\\/\\\/le-clos-andre.com\\\/#\\\/schema\\\/logo\\\/image\\\/\",\"url\":\"https:\\\/\\\/le-clos-andre.com\\\/wp-content\\\/uploads\\\/2025\\\/09\\\/cropped-home-real-estate-home-design-logo.png\",\"contentUrl\":\"https:\\\/\\\/le-clos-andre.com\\\/wp-content\\\/uploads\\\/2025\\\/09\\\/cropped-home-real-estate-home-design-logo.png\",\"width\":224,\"height\":190,\"caption\":\"Massande\"},\"image\":{\"@id\":\"https:\\\/\\\/le-clos-andre.com\\\/#\\\/schema\\\/logo\\\/image\\\/\"}}]}<\/script>\n<!-- \/ Yoast SEO plugin. -->","yoast_head_json":{"title":"Quatre circuits p\u00e9destres thouryssois - Le Clos Andr\u00e9","robots":{"index":"index","follow":"follow","max-snippet":"max-snippet:-1","max-image-preview":"max-image-preview:large","max-video-preview":"max-video-preview:-1"},"canonical":"https:\/\/le-clos-andre.com\/en\/quatre-circuits-pedestres-thouryssois\/","og_locale":"en_GB","og_type":"article","og_title":"Quatre circuits p\u00e9destres thouryssois - Le Clos Andr\u00e9","og_description":"Rando Thoury &#8211; La Maugerie D\u00e9part pr\u00e9conis\u00e9 : parking derri\u00e8re l&rsquo;\u00e9glise Sur votre chemin : l&rsquo;\u00e9tang de la Pleure Points d&rsquo;int\u00e9r\u00eat: Eglise Sainte-Roche Visite\u00a0 de la ferme La Maugerie (Mohhair) Entre Bois et \u00e9tangs de Thoury D\u00e9part pr\u00e9conis\u00e9 : parking derri\u00e8re l&rsquo;\u00e9glise Sur votre chemin : l&rsquo;\u00e9tang de la Pleure, la for\u00eat domaniale, l&rsquo;\u00e9tang des [&hellip;]","og_url":"https:\/\/le-clos-andre.com\/en\/quatre-circuits-pedestres-thouryssois\/","og_site_name":"Le Clos Andr\u00e9","article_modified_time":"2025-09-15T17:54:47+00:00","og_image":[{"width":378,"height":471,"url":"https:\/\/le-clos-andre.com\/wp-content\/uploads\/2025\/09\/rando-01.png","type":"image\/png"}],"twitter_card":"summary_large_image","twitter_misc":{"Estimated reading time":"2 minutes"},"schema":{"@context":"https:\/\/schema.org","@graph":[{"@type":"WebPage","@id":"https:\/\/le-clos-andre.com\/quatre-circuits-pedestres-thouryssois\/","url":"https:\/\/le-clos-andre.com\/quatre-circuits-pedestres-thouryssois\/","name":"Quatre circuits p\u00e9destres thouryssois - Le Clos Andr\u00e9","isPartOf":{"@id":"https:\/\/le-clos-andre.com\/#website"},"primaryImageOfPage":{"@id":"https:\/\/le-clos-andre.com\/quatre-circuits-pedestres-thouryssois\/#primaryimage"},"image":{"@id":"https:\/\/le-clos-andre.com\/quatre-circuits-pedestres-thouryssois\/#primaryimage"},"thumbnailUrl":"http:\/\/le-clos-andre.com\/wp-content\/uploads\/2025\/09\/rando-01.png","datePublished":"2025-09-15T17:32:58+00:00","dateModified":"2025-09-15T17:54:47+00:00","breadcrumb":{"@id":"https:\/\/le-clos-andre.com\/quatre-circuits-pedestres-thouryssois\/#breadcrumb"},"inLanguage":"en-GB","potentialAction":[{"@type":"ReadAction","target":["https:\/\/le-clos-andre.com\/quatre-circuits-pedestres-thouryssois\/"]}]},{"@type":"ImageObject","inLanguage":"en-GB","@id":"https:\/\/le-clos-andre.com\/quatre-circuits-pedestres-thouryssois\/#primaryimage","url":"http:\/\/le-clos-andre.com\/wp-content\/uploads\/2025\/09\/rando-01.png","contentUrl":"http:\/\/le-clos-andre.com\/wp-content\/uploads\/2025\/09\/rando-01.png"},{"@type":"BreadcrumbList","@id":"https:\/\/le-clos-andre.com\/quatre-circuits-pedestres-thouryssois\/#breadcrumb","itemListElement":[{"@type":"ListItem","position":1,"name":"Accueil","item":"https:\/\/le-clos-andre.com\/"},{"@type":"ListItem","position":2,"name":"Quatre circuits p\u00e9destres thouryssois"}]},{"@type":"WebSite","@id":"https:\/\/le-clos-andre.com\/#website","url":"https:\/\/le-clos-andre.com\/","name":"Clos Andr\u00e9","description":"","publisher":{"@id":"https:\/\/le-clos-andre.com\/#organization"},"potentialAction":[{"@type":"SearchAction","target":{"@type":"EntryPoint","urlTemplate":"https:\/\/le-clos-andre.com\/?s={search_term_string}"},"query-input":{"@type":"PropertyValueSpecification","valueRequired":true,"valueName":"search_term_string"}}],"inLanguage":"en-GB"},{"@type":"Organization","@id":"https:\/\/le-clos-andre.com\/#organization","name":"Massande","url":"https:\/\/le-clos-andre.com\/","logo":{"@type":"ImageObject","inLanguage":"en-GB","@id":"https:\/\/le-clos-andre.com\/#\/schema\/logo\/image\/","url":"https:\/\/le-clos-andre.com\/wp-content\/uploads\/2025\/09\/cropped-home-real-estate-home-design-logo.png","contentUrl":"https:\/\/le-clos-andre.com\/wp-content\/uploads\/2025\/09\/cropped-home-real-estate-home-design-logo.png","width":224,"height":190,"caption":"Massande"},"image":{"@id":"https:\/\/le-clos-andre.com\/#\/schema\/logo\/image\/"}}]}},"_links":{"self":[{"href":"https:\/\/le-clos-andre.com\/en\/wp-json\/wp\/v2\/pages\/887","targetHints":{"allow":["GET"]}}],"collection":[{"href":"https:\/\/le-clos-andre.com\/en\/wp-json\/wp\/v2\/pages"}],"about":[{"href":"https:\/\/le-clos-andre.com\/en\/wp-json\/wp\/v2\/types\/page"}],"author":[{"embeddable":true,"href":"https:\/\/le-clos-andre.com\/en\/wp-json\/wp\/v2\/users\/1"}],"replies":[{"embeddable":true,"href":"https:\/\/le-clos-andre.com\/en\/wp-json\/wp\/v2\/comments?post=887"}],"version-history":[{"count":7,"href":"https:\/\/le-clos-andre.com\/en\/wp-json\/wp\/v2\/pages\/887\/revisions"}],"predecessor-version":[{"id":898,"href":"https:\/\/le-clos-andre.com\/en\/wp-json\/wp\/v2\/pages\/887\/revisions\/898"}],"wp:attachment":[{"href":"https:\/\/le-clos-andre.com\/en\/wp-json\/wp\/v2\/media?parent=887"}],"curies":[{"name":"wp","href":"https:\/\/api.w.org\/{rel}","templated":true}]}}